{"id":977,"date":"2018-07-16T11:45:10","date_gmt":"2018-07-16T11:45:10","guid":{"rendered":"https:\/\/www.hotsmile.de\/?page_id=977"},"modified":"2018-07-18T10:50:16","modified_gmt":"2018-07-18T10:50:16","slug":"karte","status":"publish","type":"page","link":"https:\/\/www.hotsmile.de\/?page_id=977","title":{"rendered":"So finden Sie uns&#8230;"},"content":{"rendered":"<p>[vc_row][vc_column css=&#8220;.vc_custom_1531741751589{padding-top: 50px !important;padding-bottom: 35px !important;}&#8220;]<div id=\"sc_title_803649595\"\n\t\tclass=\"sc_title color_style_default sc_title_default\"><h3 class=\"sc_item_title sc_title_title sc_align_center sc_item_title_style_default\">So finden Sie uns<\/h3><\/div><!-- \/.sc_title -->[vc_empty_space hide_on_desktop=&#8220;&#8220; hide_on_notebook=&#8220;&#8220; hide_on_tablet=&#8220;&#8220; hide_on_mobile=&#8220;&#8220; css=&#8220;.vc_custom_1531741757354{padding-bottom: 35px !important;}&#8220;][vc_row_inner][vc_column_inner width=&#8220;1\/2&#8243;][vc_column_text]Parkhaus Q-Park GmbH &amp; Co. KG<br \/>\nKaiserswerther Stra\u00dfe 22<br \/>\n40477 D\u00fcsseldorf<\/p>\n<p>\u00dcber die Kaiserswertherstra\u00dfe ins Parkhaus fahren und in der Wohnsiedlung (zwischen den beiden Stra\u00dfen) das Parkhaus verlassen. Dort befindet sich in beide Richtungen ein Fu\u00dfg\u00e4ngerweg. Der Weg nach S\u00fcden f\u00fchrt direkt auf die Fischerstra\u00dfe.<\/p>\n<p><strong>Anschrift der Praxis: Fischerstr. 45, 40477 D\u00fcsseldorf<\/strong>[\/vc_column_text][vc_empty_space hide_on_desktop=&#8220;&#8220; hide_on_notebook=&#8220;&#8220; hide_on_tablet=&#8220;&#8220; hide_on_mobile=&#8220;&#8220; css=&#8220;.vc_custom_1531741959135{padding-bottom: 10px !important;}&#8220;][\/vc_column_inner][vc_column_inner width=&#8220;1\/2&#8243;][vc_single_image image=&#8220;1061&#8243; img_size=&#8220;full&#8220; alignment=&#8220;center&#8220; css_animation=&#8220;rotateInDownRight&#8220;][\/vc_column_inner][\/vc_row_inner][\/vc_column][\/vc_row]<\/p>\n","protected":false},"excerpt":{"rendered":"<p>[vc_row][vc_column css=&#8220;.vc_custom_1531741751589{padding-top: 50px !important;padding-bottom: 35px !important;}&#8220;][vc_empty_space hide_on_desktop=&#8220;&#8220; hide_on_notebook=&#8220;&#8220; hide_on_tablet=&#8220;&#8220; hide_on_mobile=&#8220;&#8220; css=&#8220;.vc_custom_1531741757354{padding-bottom: 35px !important;}&#8220;][vc_row_inner][vc_column_inner width=&#8220;1\/2&#8243;][vc_column_text]Parkhaus Q-Park GmbH &amp; Co. KG Kaiserswerther Stra\u00dfe 22 40477 D\u00fcsseldorf \u00dcber die Kaiserswertherstra\u00dfe ins Parkhaus fahren und in der Wohnsiedlung (zwischen den beiden Stra\u00dfen) das Parkhaus verlassen. Dort befindet sich in beide Richtungen ein Fu\u00dfg\u00e4ngerweg. Der Weg nach S\u00fcden f\u00fchrt direkt auf die Fischerstra\u00dfe. Anschrift der&hellip;<\/p>\n","protected":false},"author":1,"featured_media":0,"parent":0,"menu_order":0,"comment_status":"closed","ping_status":"closed","template":"","meta":{"footnotes":""},"class_list":["post-977","page","type-page","status-publish","hentry"],"_links":{"self":[{"href":"https:\/\/www.hotsmile.de\/index.php?rest_route=\/wp\/v2\/pages\/977","targetHints":{"allow":["GET"]}}],"collection":[{"href":"https:\/\/www.hotsmile.de\/index.php?rest_route=\/wp\/v2\/pages"}],"about":[{"href":"https:\/\/www.hotsmile.de\/index.php?rest_route=\/wp\/v2\/types\/page"}],"author":[{"embeddable":true,"href":"https:\/\/www.hotsmile.de\/index.php?rest_route=\/wp\/v2\/users\/1"}],"replies":[{"embeddable":true,"href":"https:\/\/www.hotsmile.de\/index.php?rest_route=%2Fwp%2Fv2%2Fcomments&post=977"}],"version-history":[{"count":15,"href":"https:\/\/www.hotsmile.de\/index.php?rest_route=\/wp\/v2\/pages\/977\/revisions"}],"predecessor-version":[{"id":1139,"href":"https:\/\/www.hotsmile.de\/index.php?rest_route=\/wp\/v2\/pages\/977\/revisions\/1139"}],"wp:attachment":[{"href":"https:\/\/www.hotsmile.de\/index.php?rest_route=%2Fwp%2Fv2%2Fmedia&parent=977"}],"curies":[{"name":"wp","href":"https:\/\/api.w.org\/{rel}","templated":true}]}}