{"id":968,"date":"2018-07-16T02:22:36","date_gmt":"2018-07-16T02:22:36","guid":{"rendered":"https:\/\/www.hotsmile.de\/?page_id=968"},"modified":"2018-07-18T10:55:01","modified_gmt":"2018-07-18T10:55:01","slug":"kosteninfos","status":"publish","type":"page","link":"https:\/\/www.hotsmile.de\/?page_id=968","title":{"rendered":"Kosteninfo&#8217;s"},"content":{"rendered":"<p>[vc_row][vc_column css=&#8220;.vc_custom_1531706390192{padding-top: 50px !important;padding-bottom: 35px !important;}&#8220;]<div id=\"sc_title_1977040478\"\n\t\tclass=\"sc_title color_style_default sc_title_default\"><h3 class=\"sc_item_title sc_title_title sc_align_center sc_item_title_style_default\">Kosteninformationen<\/h3><\/div><!-- \/.sc_title -->[vc_empty_space hide_on_desktop=&#8220;&#8220; hide_on_notebook=&#8220;&#8220; hide_on_tablet=&#8220;&#8220; hide_on_mobile=&#8220;&#8220; css=&#8220;.vc_custom_1531706383031{padding-bottom: 35px !important;}&#8220;][vc_row_inner][vc_column_inner][vc_column_text]Die privaten Versicherer \u00fcbernehmen in der Regel einen Gro\u00dfteil der anfallenden Kosten. Ausnahmen bestehen dort, wo ausschlie\u00dflich \u00e4sthetische Gr\u00fcnde vorliegen und bereits vorhandene, funktionst\u00fcchtige Versorgungen nur aus diesem Grunde ersetzt werden.<\/p>\n<p>Versicherte der gesetzlichen Krankenversicherung erhalten beispielsweise die Kosten f\u00fcr eine Amalgamf\u00fcllung und Zementf\u00fcllung erstattet. Bei nachgewiesenen Allergien gegen die herk\u00f6mmlichen Materialien werden die Kosten aufwendiger Versorgungen zum Teil auch von den gesetzlichen Versicherungen ganz \u00fcbernommen.<\/p>\n<p>Deshalb muss von Fall zu Fall im Gespr\u00e4ch die jeweils beste L\u00f6sung gefunden werden. F\u00fcr den z.T. kostenintensiveren Teil &#8211; Material- und Laborkosten &#8211; gibt es ebenfalls unterschiedliche L\u00f6sungen: Von der soliden Einfachl\u00f6sung aus einem ausl\u00e4ndischen Labor bis zur hoch\u00e4sthetischen Hightech-L\u00f6sung, die in Ihrer Gegenwart hergestellt wird. Eine transparente und faire Kostenstruktur ist uns sehr wichtig. Daher beraten wir Sie selbstverst\u00e4ndlich ausf\u00fchrlich zu Behandlungsm\u00f6glichkeiten und evtl. -alternativen sowie den anfallenden Kosten.[\/vc_column_text][\/vc_column_inner][\/vc_row_inner][\/vc_column][\/vc_row]<\/p>\n","protected":false},"excerpt":{"rendered":"<p>[vc_row][vc_column css=&#8220;.vc_custom_1531706390192{padding-top: 50px !important;padding-bottom: 35px !important;}&#8220;][vc_empty_space hide_on_desktop=&#8220;&#8220; hide_on_notebook=&#8220;&#8220; hide_on_tablet=&#8220;&#8220; hide_on_mobile=&#8220;&#8220; css=&#8220;.vc_custom_1531706383031{padding-bottom: 35px !important;}&#8220;][vc_row_inner][vc_column_inner][vc_column_text]Die privaten Versicherer \u00fcbernehmen in der Regel einen Gro\u00dfteil der anfallenden Kosten. Ausnahmen bestehen dort, wo ausschlie\u00dflich \u00e4sthetische Gr\u00fcnde vorliegen und bereits vorhandene, funktionst\u00fcchtige Versorgungen nur aus diesem Grunde ersetzt werden. Versicherte der gesetzlichen Krankenversicherung erhalten beispielsweise die Kosten f\u00fcr eine Amalgamf\u00fcllung und Zementf\u00fcllung erstattet. Bei nachgewiesenen Allergien&hellip;<\/p>\n","protected":false},"author":1,"featured_media":0,"parent":0,"menu_order":0,"comment_status":"closed","ping_status":"closed","template":"","meta":{"footnotes":""},"class_list":["post-968","page","type-page","status-publish","hentry"],"_links":{"self":[{"href":"https:\/\/www.hotsmile.de\/index.php?rest_route=\/wp\/v2\/pages\/968","targetHints":{"allow":["GET"]}}],"collection":[{"href":"https:\/\/www.hotsmile.de\/index.php?rest_route=\/wp\/v2\/pages"}],"about":[{"href":"https:\/\/www.hotsmile.de\/index.php?rest_route=\/wp\/v2\/types\/page"}],"author":[{"embeddable":true,"href":"https:\/\/www.hotsmile.de\/index.php?rest_route=\/wp\/v2\/users\/1"}],"replies":[{"embeddable":true,"href":"https:\/\/www.hotsmile.de\/index.php?rest_route=%2Fwp%2Fv2%2Fcomments&post=968"}],"version-history":[{"count":3,"href":"https:\/\/www.hotsmile.de\/index.php?rest_route=\/wp\/v2\/pages\/968\/revisions"}],"predecessor-version":[{"id":1141,"href":"https:\/\/www.hotsmile.de\/index.php?rest_route=\/wp\/v2\/pages\/968\/revisions\/1141"}],"wp:attachment":[{"href":"https:\/\/www.hotsmile.de\/index.php?rest_route=%2Fwp%2Fv2%2Fmedia&parent=968"}],"curies":[{"name":"wp","href":"https:\/\/api.w.org\/{rel}","templated":true}]}}