{"id":965,"date":"2018-07-16T02:19:48","date_gmt":"2018-07-16T02:19:48","guid":{"rendered":"https:\/\/www.hotsmile.de\/?page_id=965"},"modified":"2018-07-18T00:58:27","modified_gmt":"2018-07-18T00:58:27","slug":"finanzierung","status":"publish","type":"page","link":"https:\/\/www.hotsmile.de\/?page_id=965","title":{"rendered":"Finanzierung"},"content":{"rendered":"<p>[vc_row][vc_column css=&#8220;.vc_custom_1531706390192{padding-top: 50px !important;padding-bottom: 35px !important;}&#8220;]<div id=\"sc_title_1160051839\"\n\t\tclass=\"sc_title color_style_default sc_title_default\"><h3 class=\"sc_item_title sc_title_title sc_align_center sc_item_title_style_default\">Finanzierung<\/h3><\/div><!-- \/.sc_title -->[vc_empty_space hide_on_desktop=&#8220;&#8220; hide_on_notebook=&#8220;&#8220; hide_on_tablet=&#8220;&#8220; hide_on_mobile=&#8220;&#8220; css=&#8220;.vc_custom_1531706383031{padding-bottom: 35px !important;}&#8220;][vc_row_inner][vc_column_inner][vc_column_text]<\/p>\n<p style=\"text-align: center;\">Sch\u00f6n, wenn Sie sich f\u00fcr Qualit\u00e4t statt f\u00fcr \u201eschnelle\u201c, leider h\u00e4ufig zu kurz gedachte L\u00f6sungen entschieden haben.<\/p>\n<p style=\"text-align: center;\">Wir k\u00f6nnen Ihnen sehr gern die M\u00f6glichkeit einer unkomplizierten Ratenzahlung anbieten.<\/p>\n<p style=\"text-align: center;\">Sprechen Sie uns einfach an.<\/p>\n<p>[\/vc_column_text][\/vc_column_inner][\/vc_row_inner][\/vc_column][\/vc_row]<\/p>\n","protected":false},"excerpt":{"rendered":"<p>[vc_row][vc_column css=&#8220;.vc_custom_1531706390192{padding-top: 50px !important;padding-bottom: 35px !important;}&#8220;][vc_empty_space hide_on_desktop=&#8220;&#8220; hide_on_notebook=&#8220;&#8220; hide_on_tablet=&#8220;&#8220; hide_on_mobile=&#8220;&#8220; css=&#8220;.vc_custom_1531706383031{padding-bottom: 35px !important;}&#8220;][vc_row_inner][vc_column_inner][vc_column_text] Sch\u00f6n, wenn Sie sich f\u00fcr Qualit\u00e4t statt f\u00fcr \u201eschnelle\u201c, leider h\u00e4ufig zu kurz gedachte L\u00f6sungen entschieden haben. Wir k\u00f6nnen Ihnen sehr gern die M\u00f6glichkeit einer unkomplizierten Ratenzahlung anbieten. Sprechen Sie uns einfach an. [\/vc_column_text][\/vc_column_inner][\/vc_row_inner][\/vc_column][\/vc_row]<\/p>\n","protected":false},"author":1,"featured_media":0,"parent":0,"menu_order":0,"comment_status":"closed","ping_status":"closed","template":"","meta":{"footnotes":""},"class_list":["post-965","page","type-page","status-publish","hentry"],"_links":{"self":[{"href":"https:\/\/www.hotsmile.de\/index.php?rest_route=\/wp\/v2\/pages\/965","targetHints":{"allow":["GET"]}}],"collection":[{"href":"https:\/\/www.hotsmile.de\/index.php?rest_route=\/wp\/v2\/pages"}],"about":[{"href":"https:\/\/www.hotsmile.de\/index.php?rest_route=\/wp\/v2\/types\/page"}],"author":[{"embeddable":true,"href":"https:\/\/www.hotsmile.de\/index.php?rest_route=\/wp\/v2\/users\/1"}],"replies":[{"embeddable":true,"href":"https:\/\/www.hotsmile.de\/index.php?rest_route=%2Fwp%2Fv2%2Fcomments&post=965"}],"version-history":[{"count":2,"href":"https:\/\/www.hotsmile.de\/index.php?rest_route=\/wp\/v2\/pages\/965\/revisions"}],"predecessor-version":[{"id":1116,"href":"https:\/\/www.hotsmile.de\/index.php?rest_route=\/wp\/v2\/pages\/965\/revisions\/1116"}],"wp:attachment":[{"href":"https:\/\/www.hotsmile.de\/index.php?rest_route=%2Fwp%2Fv2%2Fmedia&parent=965"}],"curies":[{"name":"wp","href":"https:\/\/api.w.org\/{rel}","templated":true}]}}