{"id":951,"date":"2018-07-16T02:14:21","date_gmt":"2018-07-16T02:14:21","guid":{"rendered":"https:\/\/www.hotsmile.de\/?page_id=951"},"modified":"2018-07-18T10:11:37","modified_gmt":"2018-07-18T10:11:37","slug":"allgemein","status":"publish","type":"page","link":"https:\/\/www.hotsmile.de\/?page_id=951","title":{"rendered":"Allgemein"},"content":{"rendered":"<p>[vc_row][vc_column css=&#8220;.vc_custom_1531706390192{padding-top: 50px !important;padding-bottom: 35px !important;}&#8220;]<div id=\"sc_title_1857141404\"\n\t\tclass=\"sc_title color_style_default sc_title_default\"><h3 class=\"sc_item_title sc_title_title sc_align_center sc_item_title_style_default\">Allgemein<\/h3><\/div><!-- \/.sc_title -->[vc_empty_space hide_on_desktop=&#8220;&#8220; hide_on_notebook=&#8220;&#8220; hide_on_tablet=&#8220;&#8220; hide_on_mobile=&#8220;&#8220; css=&#8220;.vc_custom_1531706383031{padding-bottom: 35px !important;}&#8220;][vc_row_inner][vc_column_inner][vc_column_text]<\/p>\n<p style=\"text-align: center;\">Jederzeit freuen wir uns, Sie in unseren R\u00e4umen begr\u00fc\u00dfen zu d\u00fcrfen:<\/p>\n<p style=\"text-align: center;\">Vereinbaren Sie einfach telefonisch einen Termin oder nutzen Sie unser <a href=\"https:\/\/www.hotsmile.de\/?page_id=53\"><u>Kontaktformular<\/u><\/a>.<\/p>\n<p style=\"text-align: center;\">Wir bitten h\u00f6flich um eine rechtzeitige Absage, falls Sie den Termin nicht wahrnehmen k\u00f6nnen \u2013 vielen Dank!<\/p>\n<p>[\/vc_column_text][\/vc_column_inner][\/vc_row_inner][\/vc_column][\/vc_row]<\/p>\n","protected":false},"excerpt":{"rendered":"<p>[vc_row][vc_column css=&#8220;.vc_custom_1531706390192{padding-top: 50px !important;padding-bottom: 35px !important;}&#8220;][vc_empty_space hide_on_desktop=&#8220;&#8220; hide_on_notebook=&#8220;&#8220; hide_on_tablet=&#8220;&#8220; hide_on_mobile=&#8220;&#8220; css=&#8220;.vc_custom_1531706383031{padding-bottom: 35px !important;}&#8220;][vc_row_inner][vc_column_inner][vc_column_text] Jederzeit freuen wir uns, Sie in unseren R\u00e4umen begr\u00fc\u00dfen zu d\u00fcrfen: Vereinbaren Sie einfach telefonisch einen Termin oder nutzen Sie unser Kontaktformular. Wir bitten h\u00f6flich um eine rechtzeitige Absage, falls Sie den Termin nicht wahrnehmen k\u00f6nnen \u2013 vielen Dank! [\/vc_column_text][\/vc_column_inner][\/vc_row_inner][\/vc_column][\/vc_row]<\/p>\n","protected":false},"author":1,"featured_media":0,"parent":0,"menu_order":0,"comment_status":"closed","ping_status":"closed","template":"","meta":{"footnotes":""},"class_list":["post-951","page","type-page","status-publish","hentry"],"_links":{"self":[{"href":"https:\/\/www.hotsmile.de\/index.php?rest_route=\/wp\/v2\/pages\/951","targetHints":{"allow":["GET"]}}],"collection":[{"href":"https:\/\/www.hotsmile.de\/index.php?rest_route=\/wp\/v2\/pages"}],"about":[{"href":"https:\/\/www.hotsmile.de\/index.php?rest_route=\/wp\/v2\/types\/page"}],"author":[{"embeddable":true,"href":"https:\/\/www.hotsmile.de\/index.php?rest_route=\/wp\/v2\/users\/1"}],"replies":[{"embeddable":true,"href":"https:\/\/www.hotsmile.de\/index.php?rest_route=%2Fwp%2Fv2%2Fcomments&post=951"}],"version-history":[{"count":8,"href":"https:\/\/www.hotsmile.de\/index.php?rest_route=\/wp\/v2\/pages\/951\/revisions"}],"predecessor-version":[{"id":1119,"href":"https:\/\/www.hotsmile.de\/index.php?rest_route=\/wp\/v2\/pages\/951\/revisions\/1119"}],"wp:attachment":[{"href":"https:\/\/www.hotsmile.de\/index.php?rest_route=%2Fwp%2Fv2%2Fmedia&parent=951"}],"curies":[{"name":"wp","href":"https:\/\/api.w.org\/{rel}","templated":true}]}}