{"id":930,"date":"2018-07-15T15:01:02","date_gmt":"2018-07-15T15:01:02","guid":{"rendered":"https:\/\/www.hotsmile.de\/?page_id=930"},"modified":"2018-07-18T13:51:09","modified_gmt":"2018-07-18T13:51:09","slug":"aesthetische-zahnheilkunde","status":"publish","type":"page","link":"https:\/\/www.hotsmile.de\/?page_id=930","title":{"rendered":"\u00c4sthetische Zahnheilkunde"},"content":{"rendered":"<p>[vc_row][vc_column css=&#8220;.vc_custom_1531681551519{padding-top: 50px !important;padding-bottom: 35px !important;}&#8220;]<div id=\"sc_title_693661782\"\n\t\tclass=\"sc_title color_style_default sc_title_default\"><h3 class=\"sc_item_title sc_title_title sc_align_center sc_item_title_style_default\">\u00c4sthetische Zahnheilkunde<\/h3><\/div><!-- \/.sc_title -->[vc_empty_space hide_on_desktop=&#8220;&#8220; hide_on_notebook=&#8220;&#8220; hide_on_tablet=&#8220;&#8220; hide_on_mobile=&#8220;&#8220; css=&#8220;.vc_custom_1531681542996{padding-bottom: 35px !important;}&#8220;][vc_row_inner][vc_column_inner width=&#8220;1\/2&#8243;][vc_column_text]Ein gepflegt sch\u00f6nes und einheitliches Erscheinungsbild des Gebisses nimmt heutzutage neben der blo\u00dfen Funktionalit\u00e4t der Z\u00e4hne einen hohen Stellenwert ein. Unser Team bietet Ihnen eine umfassende Auswahl der <span style=\"color: #ea5858;\">Zahn-\u00c4sthetik<\/span> an:<\/p>\n<p>Professionelle Zahnreinigung (PZR), Bleaching oder Verneers \u2013 sprechen Sie uns gerne an.[\/vc_column_text][\/vc_column_inner][vc_column_inner width=&#8220;1\/2&#8243;][vc_single_image image=&#8220;935&#8243; img_size=&#8220;full&#8220; alignment=&#8220;right&#8220; css_animation=&#8220;bounceInRight&#8220;][\/vc_column_inner][\/vc_row_inner][\/vc_column][\/vc_row]<\/p>\n","protected":false},"excerpt":{"rendered":"<p>[vc_row][vc_column css=&#8220;.vc_custom_1531681551519{padding-top: 50px !important;padding-bottom: 35px !important;}&#8220;][vc_empty_space hide_on_desktop=&#8220;&#8220; hide_on_notebook=&#8220;&#8220; hide_on_tablet=&#8220;&#8220; hide_on_mobile=&#8220;&#8220; css=&#8220;.vc_custom_1531681542996{padding-bottom: 35px !important;}&#8220;][vc_row_inner][vc_column_inner width=&#8220;1\/2&#8243;][vc_column_text]Ein gepflegt sch\u00f6nes und einheitliches Erscheinungsbild des Gebisses nimmt heutzutage neben der blo\u00dfen Funktionalit\u00e4t der Z\u00e4hne einen hohen Stellenwert ein. Unser Team bietet Ihnen eine umfassende Auswahl der Zahn-\u00c4sthetik an: Professionelle Zahnreinigung (PZR), Bleaching oder Verneers \u2013 sprechen Sie uns gerne an.[\/vc_column_text][\/vc_column_inner][vc_column_inner width=&#8220;1\/2&#8243;][vc_single_image image=&#8220;935&#8243; img_size=&#8220;full&#8220; alignment=&#8220;right&#8220; css_animation=&#8220;bounceInRight&#8220;][\/vc_column_inner][\/vc_row_inner][\/vc_column][\/vc_row]<\/p>\n","protected":false},"author":1,"featured_media":0,"parent":0,"menu_order":0,"comment_status":"closed","ping_status":"closed","template":"","meta":{"footnotes":""},"class_list":["post-930","page","type-page","status-publish","hentry"],"_links":{"self":[{"href":"https:\/\/www.hotsmile.de\/index.php?rest_route=\/wp\/v2\/pages\/930","targetHints":{"allow":["GET"]}}],"collection":[{"href":"https:\/\/www.hotsmile.de\/index.php?rest_route=\/wp\/v2\/pages"}],"about":[{"href":"https:\/\/www.hotsmile.de\/index.php?rest_route=\/wp\/v2\/types\/page"}],"author":[{"embeddable":true,"href":"https:\/\/www.hotsmile.de\/index.php?rest_route=\/wp\/v2\/users\/1"}],"replies":[{"embeddable":true,"href":"https:\/\/www.hotsmile.de\/index.php?rest_route=%2Fwp%2Fv2%2Fcomments&post=930"}],"version-history":[{"count":6,"href":"https:\/\/www.hotsmile.de\/index.php?rest_route=\/wp\/v2\/pages\/930\/revisions"}],"predecessor-version":[{"id":1143,"href":"https:\/\/www.hotsmile.de\/index.php?rest_route=\/wp\/v2\/pages\/930\/revisions\/1143"}],"wp:attachment":[{"href":"https:\/\/www.hotsmile.de\/index.php?rest_route=%2Fwp%2Fv2%2Fmedia&parent=930"}],"curies":[{"name":"wp","href":"https:\/\/api.w.org\/{rel}","templated":true}]}}