{"id":917,"date":"2018-07-15T14:50:41","date_gmt":"2018-07-15T14:50:41","guid":{"rendered":"https:\/\/www.hotsmile.de\/?page_id=917"},"modified":"2018-07-18T00:48:45","modified_gmt":"2018-07-18T00:48:45","slug":"c-m-d-craniomandibulaere-dysfunktion","status":"publish","type":"page","link":"https:\/\/www.hotsmile.de\/?page_id=917","title":{"rendered":"Craniomandibul\u00e4re Dysfunktion (C.M.D.)"},"content":{"rendered":"<p>[vc_row][vc_column css=&#8220;.vc_custom_1531666276508{padding-top: 50px !important;padding-bottom: 35px !important;}&#8220;]<div id=\"sc_title_533424654\"\n\t\tclass=\"sc_title color_style_default sc_title_default\"><h3 class=\"sc_item_title sc_title_title sc_align_center sc_item_title_style_default\">Craniomandibul\u00e4re Dysfunktion (C.M.D.)<\/h3><\/div><!-- \/.sc_title -->[vc_empty_space hide_on_desktop=&#8220;&#8220; hide_on_notebook=&#8220;&#8220; hide_on_tablet=&#8220;&#8220; hide_on_mobile=&#8220;&#8220; css=&#8220;.vc_custom_1531666288380{padding-bottom: 35px !important;}&#8220;][vc_row_inner][vc_column_inner width=&#8220;1\/2&#8243;][vc_column_text]Als <span style=\"color: #ea5858;\">Craniomandibul\u00e4re Dysfunktion<\/span> bezeichnet man unter anderem das unbewusste, h\u00e4ufig nachts auftretende Knirschen und Pressen mit den Z\u00e4hnen, das zu Verspannungen und Schmerzen im Zahn- und Kieferapparat wie auch zu Kopf- und Nackenschmerzen f\u00fchren kann. Urs\u00e4chlich f\u00fcr die unbewussten und ungesunden Anspannungen k\u00f6nnen neben privaten Belastungen auch ein \u00fcberfrachteter Alltag sowie Zeitdruck sein: Gr\u00fcnde, die oft zu einem Gef\u00fchl des \u201esich-durchbei\u00dfen-m\u00fcssens&#8220; f\u00fchren.<\/p>\n<p>Nach eingehender Diagnose besprechen wir mit Ihnen ausf\u00fchrlich die verschiedene Behandlungsm\u00f6glichkeiten, wie z.B. der Aufbissschiene.[\/vc_column_text][\/vc_column_inner][vc_column_inner width=&#8220;1\/2&#8243;][vc_single_image image=&#8220;1090&#8243; img_size=&#8220;full&#8220; alignment=&#8220;right&#8220; css_animation=&#8220;bounceInRight&#8220;][\/vc_column_inner][\/vc_row_inner][\/vc_column][\/vc_row]<\/p>\n","protected":false},"excerpt":{"rendered":"<p>[vc_row][vc_column css=&#8220;.vc_custom_1531666276508{padding-top: 50px !important;padding-bottom: 35px !important;}&#8220;][vc_empty_space hide_on_desktop=&#8220;&#8220; hide_on_notebook=&#8220;&#8220; hide_on_tablet=&#8220;&#8220; hide_on_mobile=&#8220;&#8220; css=&#8220;.vc_custom_1531666288380{padding-bottom: 35px !important;}&#8220;][vc_row_inner][vc_column_inner width=&#8220;1\/2&#8243;][vc_column_text]Als Craniomandibul\u00e4re Dysfunktion bezeichnet man unter anderem das unbewusste, h\u00e4ufig nachts auftretende Knirschen und Pressen mit den Z\u00e4hnen, das zu Verspannungen und Schmerzen im Zahn- und Kieferapparat wie auch zu Kopf- und Nackenschmerzen f\u00fchren kann. Urs\u00e4chlich f\u00fcr die unbewussten und ungesunden Anspannungen k\u00f6nnen neben privaten Belastungen auch&hellip;<\/p>\n","protected":false},"author":1,"featured_media":0,"parent":0,"menu_order":0,"comment_status":"closed","ping_status":"closed","template":"","meta":{"footnotes":""},"class_list":["post-917","page","type-page","status-publish","hentry"],"_links":{"self":[{"href":"https:\/\/www.hotsmile.de\/index.php?rest_route=\/wp\/v2\/pages\/917","targetHints":{"allow":["GET"]}}],"collection":[{"href":"https:\/\/www.hotsmile.de\/index.php?rest_route=\/wp\/v2\/pages"}],"about":[{"href":"https:\/\/www.hotsmile.de\/index.php?rest_route=\/wp\/v2\/types\/page"}],"author":[{"embeddable":true,"href":"https:\/\/www.hotsmile.de\/index.php?rest_route=\/wp\/v2\/users\/1"}],"replies":[{"embeddable":true,"href":"https:\/\/www.hotsmile.de\/index.php?rest_route=%2Fwp%2Fv2%2Fcomments&post=917"}],"version-history":[{"count":5,"href":"https:\/\/www.hotsmile.de\/index.php?rest_route=\/wp\/v2\/pages\/917\/revisions"}],"predecessor-version":[{"id":1104,"href":"https:\/\/www.hotsmile.de\/index.php?rest_route=\/wp\/v2\/pages\/917\/revisions\/1104"}],"wp:attachment":[{"href":"https:\/\/www.hotsmile.de\/index.php?rest_route=%2Fwp%2Fv2%2Fmedia&parent=917"}],"curies":[{"name":"wp","href":"https:\/\/api.w.org\/{rel}","templated":true}]}}