{"id":903,"date":"2018-07-15T14:14:44","date_gmt":"2018-07-15T14:14:44","guid":{"rendered":"https:\/\/www.hotsmile.de\/?page_id=903"},"modified":"2018-07-18T10:32:36","modified_gmt":"2018-07-18T10:32:36","slug":"implantologie","status":"publish","type":"page","link":"https:\/\/www.hotsmile.de\/?page_id=903","title":{"rendered":"Implantologie"},"content":{"rendered":"<p>[vc_row][vc_column css=&#8220;.vc_custom_1531664109286{padding-top: 50px !important;padding-bottom: 35px !important;}&#8220;]<div id=\"sc_title_1598933973\"\n\t\tclass=\"sc_title color_style_default sc_title_default\"><h3 class=\"sc_item_title sc_title_title sc_align_center sc_item_title_style_default\">Implantologie<\/h3><\/div><!-- \/.sc_title -->[vc_empty_space hide_on_desktop=&#8220;&#8220; hide_on_notebook=&#8220;&#8220; hide_on_tablet=&#8220;&#8220; hide_on_mobile=&#8220;&#8220; css=&#8220;.vc_custom_1531664118608{padding-bottom: 35px !important;}&#8220;][vc_row_inner][vc_column_inner width=&#8220;1\/2&#8243;][vc_column_text]Der Ersatz von verloren gegangenen Z\u00e4hnen wird <span style=\"color: #ea5858;\">implantologisch <\/span>am elegantesten gel\u00f6st. Die k\u00fcnstlichen Zahnwurzeln aus Titan sind biokompatibel und allergiefrei.<\/p>\n<p>Als Fundament f\u00fcr den Zahnersatz des 21ten Jahrhunderts sind <span style=\"color: #ea5858;\">Implantate<\/span> unverzichtbar. Ob Einzelzahnverlust, Teilbezahnung oder der zahnlose Kiefer:<span style=\"color: #ea5858;\"> Implantate<\/span> sind in ihrer Fortschrittlichkeit und Modernit\u00e4t eine zuverl\u00e4ssige und anspruchsvolle L\u00f6sung.<\/p>\n<p>Der festsitzenden Versorgung auf Implantate wird in unserer Praxis die h\u00f6chste Aufmerksamkeit gewidmet. In enger Zusammenarbeit mit dem Patienten und dem hoch spezialisierten zahntechnischen Labor werden hochwertige L\u00f6sungen in die Tat umgesetzt.[\/vc_column_text][\/vc_column_inner][vc_column_inner width=&#8220;1\/2&#8243;][vc_single_image image=&#8220;906&#8243; img_size=&#8220;full&#8220; alignment=&#8220;right&#8220; css_animation=&#8220;bounceInRight&#8220;][\/vc_column_inner][\/vc_row_inner][\/vc_column][\/vc_row]<\/p>\n","protected":false},"excerpt":{"rendered":"<p>[vc_row][vc_column css=&#8220;.vc_custom_1531664109286{padding-top: 50px !important;padding-bottom: 35px !important;}&#8220;][vc_empty_space hide_on_desktop=&#8220;&#8220; hide_on_notebook=&#8220;&#8220; hide_on_tablet=&#8220;&#8220; hide_on_mobile=&#8220;&#8220; css=&#8220;.vc_custom_1531664118608{padding-bottom: 35px !important;}&#8220;][vc_row_inner][vc_column_inner width=&#8220;1\/2&#8243;][vc_column_text]Der Ersatz von verloren gegangenen Z\u00e4hnen wird implantologisch am elegantesten gel\u00f6st. Die k\u00fcnstlichen Zahnwurzeln aus Titan sind biokompatibel und allergiefrei. Als Fundament f\u00fcr den Zahnersatz des 21ten Jahrhunderts sind Implantate unverzichtbar. Ob Einzelzahnverlust, Teilbezahnung oder der zahnlose Kiefer: Implantate sind in ihrer Fortschrittlichkeit und Modernit\u00e4t eine zuverl\u00e4ssige&hellip;<\/p>\n","protected":false},"author":1,"featured_media":0,"parent":0,"menu_order":0,"comment_status":"closed","ping_status":"closed","template":"","meta":{"footnotes":""},"class_list":["post-903","page","type-page","status-publish","hentry"],"_links":{"self":[{"href":"https:\/\/www.hotsmile.de\/index.php?rest_route=\/wp\/v2\/pages\/903","targetHints":{"allow":["GET"]}}],"collection":[{"href":"https:\/\/www.hotsmile.de\/index.php?rest_route=\/wp\/v2\/pages"}],"about":[{"href":"https:\/\/www.hotsmile.de\/index.php?rest_route=\/wp\/v2\/types\/page"}],"author":[{"embeddable":true,"href":"https:\/\/www.hotsmile.de\/index.php?rest_route=\/wp\/v2\/users\/1"}],"replies":[{"embeddable":true,"href":"https:\/\/www.hotsmile.de\/index.php?rest_route=%2Fwp%2Fv2%2Fcomments&post=903"}],"version-history":[{"count":6,"href":"https:\/\/www.hotsmile.de\/index.php?rest_route=\/wp\/v2\/pages\/903\/revisions"}],"predecessor-version":[{"id":1133,"href":"https:\/\/www.hotsmile.de\/index.php?rest_route=\/wp\/v2\/pages\/903\/revisions\/1133"}],"wp:attachment":[{"href":"https:\/\/www.hotsmile.de\/index.php?rest_route=%2Fwp%2Fv2%2Fmedia&parent=903"}],"curies":[{"name":"wp","href":"https:\/\/api.w.org\/{rel}","templated":true}]}}