{"id":896,"date":"2018-07-15T14:07:57","date_gmt":"2018-07-15T14:07:57","guid":{"rendered":"https:\/\/www.hotsmile.de\/?page_id=896"},"modified":"2018-07-18T10:30:46","modified_gmt":"2018-07-18T10:30:46","slug":"inlays-onlays","status":"publish","type":"page","link":"https:\/\/www.hotsmile.de\/?page_id=896","title":{"rendered":"Inlays \/ Onlays"},"content":{"rendered":"<p>[vc_row][vc_column css=&#8220;.vc_custom_1531663713692{padding-top: 50px !important;padding-bottom: 35px !important;}&#8220;]<div id=\"sc_title_2002123000\"\n\t\tclass=\"sc_title color_style_default sc_title_default\"><h3 class=\"sc_item_title sc_title_title sc_align_center sc_item_title_style_default\">Inlays \/ Onlays<\/h3><\/div><!-- \/.sc_title -->[vc_empty_space hide_on_desktop=&#8220;&#8220; hide_on_notebook=&#8220;&#8220; hide_on_tablet=&#8220;&#8220; hide_on_mobile=&#8220;&#8220; css=&#8220;.vc_custom_1531663963089{padding-bottom: 35px !important;}&#8220;][vc_row_inner][vc_column_inner width=&#8220;1\/2&#8243;][vc_column_text]Einlagef\u00fcllungen zeichnen sich durch eine lange Haltbarkeit und Mundbest\u00e4ndigkeit aus. Die Materialwahl der <span style=\"color: #ea5858;\">Inlays <\/span>&#8211; Gold, Keramik, galvanische Keramik, Zirkonoxid &#8211; wird nach individuellen Bed\u00fcrfnissen in Abstimmung mit Ihnen und dem zahntechnischen Labor getroffen.<\/p>\n<p>Ist die Einlagef\u00fcllung in ihrer Ausdehnung so gro\u00df, dass die kaukrafttragenden H\u00f6cker mit gefasst werden, spricht man von einem <span style=\"color: #ea5858;\">Onlay<\/span>.[\/vc_column_text][\/vc_column_inner][vc_column_inner width=&#8220;1\/2&#8243;][vc_single_image image=&#8220;899&#8243; img_size=&#8220;full&#8220; alignment=&#8220;right&#8220; css_animation=&#8220;bounceInRight&#8220;][\/vc_column_inner][\/vc_row_inner][\/vc_column][\/vc_row]<\/p>\n","protected":false},"excerpt":{"rendered":"<p>[vc_row][vc_column css=&#8220;.vc_custom_1531663713692{padding-top: 50px !important;padding-bottom: 35px !important;}&#8220;][vc_empty_space hide_on_desktop=&#8220;&#8220; hide_on_notebook=&#8220;&#8220; hide_on_tablet=&#8220;&#8220; hide_on_mobile=&#8220;&#8220; css=&#8220;.vc_custom_1531663963089{padding-bottom: 35px !important;}&#8220;][vc_row_inner][vc_column_inner width=&#8220;1\/2&#8243;][vc_column_text]Einlagef\u00fcllungen zeichnen sich durch eine lange Haltbarkeit und Mundbest\u00e4ndigkeit aus. Die Materialwahl der Inlays &#8211; Gold, Keramik, galvanische Keramik, Zirkonoxid &#8211; wird nach individuellen Bed\u00fcrfnissen in Abstimmung mit Ihnen und dem zahntechnischen Labor getroffen. Ist die Einlagef\u00fcllung in ihrer Ausdehnung so gro\u00df, dass die kaukrafttragenden H\u00f6cker mit&hellip;<\/p>\n","protected":false},"author":1,"featured_media":0,"parent":0,"menu_order":0,"comment_status":"closed","ping_status":"closed","template":"","meta":{"footnotes":""},"class_list":["post-896","page","type-page","status-publish","hentry"],"_links":{"self":[{"href":"https:\/\/www.hotsmile.de\/index.php?rest_route=\/wp\/v2\/pages\/896","targetHints":{"allow":["GET"]}}],"collection":[{"href":"https:\/\/www.hotsmile.de\/index.php?rest_route=\/wp\/v2\/pages"}],"about":[{"href":"https:\/\/www.hotsmile.de\/index.php?rest_route=\/wp\/v2\/types\/page"}],"author":[{"embeddable":true,"href":"https:\/\/www.hotsmile.de\/index.php?rest_route=\/wp\/v2\/users\/1"}],"replies":[{"embeddable":true,"href":"https:\/\/www.hotsmile.de\/index.php?rest_route=%2Fwp%2Fv2%2Fcomments&post=896"}],"version-history":[{"count":7,"href":"https:\/\/www.hotsmile.de\/index.php?rest_route=\/wp\/v2\/pages\/896\/revisions"}],"predecessor-version":[{"id":1131,"href":"https:\/\/www.hotsmile.de\/index.php?rest_route=\/wp\/v2\/pages\/896\/revisions\/1131"}],"wp:attachment":[{"href":"https:\/\/www.hotsmile.de\/index.php?rest_route=%2Fwp%2Fv2%2Fmedia&parent=896"}],"curies":[{"name":"wp","href":"https:\/\/api.w.org\/{rel}","templated":true}]}}