{"id":53,"date":"2017-07-04T08:17:32","date_gmt":"2017-07-04T08:17:32","guid":{"rendered":"https:\/\/www.hotsmile.de\/?page_id=53"},"modified":"2024-11-25T11:42:47","modified_gmt":"2024-11-25T11:42:47","slug":"contacts","status":"publish","type":"page","link":"https:\/\/www.hotsmile.de\/?page_id=53","title":{"rendered":"Kontakt"},"content":{"rendered":"<p>[vc_row full_width=&#8220;stretch_row&#8220; css=&#8220;.vc_custom_1499264732518{background-color: #f4f7f7 !important;}&#8220;][vc_column fix_column=&#8220;&#8220; hide_bg_image_on_tablet=&#8220;&#8220; hide_bg_image_on_mobile=&#8220;&#8220; css=&#8220;.vc_custom_1531767687079{padding-top: 50px !important;}&#8220;][vc_empty_space alter_height=&#8220;medium&#8220; hide_on_desktop=&#8220;&#8220; hide_on_notebook=&#8220;&#8220; hide_on_tablet=&#8220;&#8220; hide_on_mobile=&#8220;&#8220; css=&#8220;.vc_custom_1531766908654{padding-top: 50px !important;}&#8220;]<div id=\"sc_title_1857354746\"\n\t\tclass=\"sc_title color_style_default sc_title_default\"><h3 class=\"sc_item_title sc_title_title sc_align_center sc_item_title_style_default\">So erreichen Sie uns...<\/h3><\/div><!-- \/.sc_title -->[vc_empty_space alter_height=&#8220;medium&#8220; hide_on_desktop=&#8220;&#8220; hide_on_notebook=&#8220;&#8220; hide_on_tablet=&#8220;&#8220; hide_on_mobile=&#8220;&#8220; css=&#8220;.vc_custom_1505130112288{margin-top: 0.8rem !important;}&#8220;]<div id=\"sc_icons_374164474\" \n\tclass=\"sc_icons sc_icons_default sc_icons_size_small sc_align_center\"><div class=\"sc_icons_columns_wrap sc_item_columns trx_addons_columns_wrap columns_padding_bottom\"><div class=\"trx_addons_column-1_4\"><div class=\"sc_icons_item\"><div id=\"sc_icons_374164474_icon-icon7\" class=\"sc_icons_icon sc_icon_type_ icon-icon7\"\n\t\t\t\t\t\t\t\t\t\t\t\t><span class=\"sc_icon_type_ icon-icon7\"><\/span><\/div><div class=\"sc_icons_item_description\"><span>Fischerstr. 45<\/span><span>40477 D\u00fcsseldorf<\/span><\/div><\/div><\/div><div class=\"trx_addons_column-1_4\"><div class=\"sc_icons_item\"><div id=\"sc_icons_374164474_icon-icon8\" class=\"sc_icons_icon sc_icon_type_ icon-icon8\"\n\t\t\t\t\t\t\t\t\t\t\t\t><span class=\"sc_icon_type_ icon-icon8\"><\/span><\/div><div class=\"sc_icons_item_description\"><span>+49 (0) 211 - 49 4000<\/span><span>+49 (0) 211 - 49 4021<\/span><\/div><\/div><\/div><div class=\"trx_addons_column-1_4\"><div class=\"sc_icons_item sc_icons_item_linked\"><div id=\"sc_icons_374164474_icon-icon9\" class=\"sc_icons_icon sc_icon_type_ icon-icon9\"\n\t\t\t\t\t\t\t\t\t\t\t\t><span class=\"sc_icon_type_ icon-icon9\"><\/span><\/div><div class=\"sc_icons_item_description\"><span>anfrage@hotsmile.de<\/span><\/div><a href=\"mailto:anfrage@hotsmile.de\" class=\"sc_icons_item_link\"><\/a><\/div><\/div><div class=\"trx_addons_column-1_4\"><div class=\"sc_icons_item\"><div id=\"sc_icons_374164474_icon-icon10\" class=\"sc_icons_icon sc_icon_type_ icon-icon10\"\n\t\t\t\t\t\t\t\t\t\t\t\t><span class=\"sc_icon_type_ icon-icon10\"><\/span><\/div><div class=\"sc_icons_item_description\"><span>Montag, Dienstag, Donnerstag<\/span><span>8:30 - 12:00 sowie 15:00 - 18:00 <\/span><span>...<\/span><span>Mittwoch, Freitag<\/span><span>8:30 bis 12:00<\/span><span>...<\/span><span>und nach Vereinbarung.<\/span><\/div><\/div><\/div><\/div><\/div><!-- \/.sc_icons -->[\/vc_column][\/vc_row][vc_row][vc_column][vc_empty_space hide_on_desktop=&#8220;&#8220; hide_on_notebook=&#8220;&#8220; hide_on_tablet=&#8220;&#8220; hide_on_mobile=&#8220;&#8220;][\/vc_column][\/vc_row][vc_row][vc_column width=&#8220;1\/6&#8243;][\/vc_column][vc_column width=&#8220;2\/3&#8243;][vc_column_text]\n<div class=\"wpcf7 no-js\" id=\"wpcf7-f1036-o1\" lang=\"de-DE\" dir=\"ltr\" data-wpcf7-id=\"1036\">\n<div class=\"screen-reader-response\"><p role=\"status\" aria-live=\"polite\" aria-atomic=\"true\"><\/p> <ul><\/ul><\/div>\n<form action=\"\/index.php?rest_route=%2Fwp%2Fv2%2Fpages%2F53#wpcf7-f1036-o1\" method=\"post\" class=\"wpcf7-form init\" aria-label=\"Kontaktformular\" novalidate=\"novalidate\" data-status=\"init\">\n<fieldset class=\"hidden-fields-container\"><input type=\"hidden\" name=\"_wpcf7\" value=\"1036\" \/><input type=\"hidden\" name=\"_wpcf7_version\" value=\"6.1.5\" \/><input type=\"hidden\" name=\"_wpcf7_locale\" value=\"de_DE\" \/><input type=\"hidden\" name=\"_wpcf7_unit_tag\" value=\"wpcf7-f1036-o1\" \/><input type=\"hidden\" name=\"_wpcf7_container_post\" value=\"0\" \/><input type=\"hidden\" name=\"_wpcf7_posted_data_hash\" value=\"\" \/>\n<\/fieldset>\n<div class=\"cpcf7_title\">\n\t<p>Schreiben Sie uns!\n\t<\/p>\n<\/div>\n<div class=\"trx_addons_columns_wrap columns_padding_bottom\">\n\t<div class=\"trx_addons_column-1_2\">\n\t\t<p><span class=\"wpcf7-form-control-wrap\" data-name=\"Anrede\"><select class=\"wpcf7-form-control wpcf7-select wpcf7-validates-as-required\" aria-required=\"true\" aria-invalid=\"false\" name=\"Anrede\"><option value=\"Frau\">Frau<\/option><option value=\"Herr\">Herr<\/option><\/select><\/span>\n\t\t<\/p>\n\t<\/div>\n\t<div class=\"trx_addons_column-1_2\">\n\t\t<p><span class=\"wpcf7-form-control-wrap\" data-name=\"text-268\"><input size=\"40\" maxlength=\"400\" class=\"wpcf7-form-control wpcf7-text wpcf7-validates-as-required\" aria-required=\"true\" aria-invalid=\"false\" placeholder=\"vollst. Name\" value=\"\" type=\"text\" name=\"text-268\" \/><\/span>\n\t\t<\/p>\n\t<\/div>\n\t<div class=\"trx_addons_column-1_2\">\n\t\t<p><span class=\"wpcf7-form-control-wrap\" data-name=\"email-678\"><input size=\"40\" maxlength=\"400\" class=\"wpcf7-form-control wpcf7-email wpcf7-validates-as-required wpcf7-text wpcf7-validates-as-email\" aria-required=\"true\" aria-invalid=\"false\" placeholder=\"E-Mail Adresse\" value=\"\" type=\"email\" name=\"email-678\" \/><\/span>\n\t\t<\/p>\n\t<\/div>\n\t<div class=\"trx_addons_column-1_2\">\n\t\t<p><span class=\"wpcf7-form-control-wrap\" data-name=\"text-438\"><input size=\"40\" maxlength=\"400\" class=\"wpcf7-form-control wpcf7-text\" aria-invalid=\"false\" placeholder=\"Telefon\" value=\"\" type=\"text\" name=\"text-438\" \/><\/span>\n\t\t<\/p>\n\t<\/div>\n\t<p><span class=\"wpcf7-form-control-wrap\" data-name=\"Nachricht\"><textarea cols=\"40\" rows=\"10\" maxlength=\"2000\" class=\"wpcf7-form-control wpcf7-textarea wpcf7-validates-as-required\" aria-required=\"true\" aria-invalid=\"false\" placeholder=\"Bitte geben Sie hier Ihre Nachricht ein.\" name=\"Nachricht\"><\/textarea><\/span><br \/>\n<span class=\"wpcf7-form-control-wrap\" data-name=\"acceptance-510\"><span class=\"wpcf7-form-control wpcf7-acceptance\"><span class=\"wpcf7-list-item\"><label><input type=\"checkbox\" name=\"acceptance-510\" value=\"1\" aria-invalid=\"false\" \/><span class=\"wpcf7-list-item-label\">Mit einem Klick auf \"absenden\" erkl\u00e4re ich mich ausdr\u00fccklich damit einverstanden, dass meine Daten gem\u00e4\u00df den vorliegenden Datenschutzbestimmungen verarbeitet werden d\u00fcrfen.<\/span><\/label><\/span><\/span><\/span>\n\t<\/p>\n\t<div class=\"trx_addons_column-1_1 submit_container\">\n\t\t<p><input class=\"wpcf7-form-control wpcf7-submit has-spinner\" type=\"submit\" value=\"absenden\" \/>\n\t\t<\/p>\n\t<\/div>\n<\/div><div class=\"wpcf7-response-output\" aria-hidden=\"true\"><\/div>\n<\/form>\n<\/div>\n[\/vc_column_text][\/vc_column][vc_column width=&#8220;1\/6&#8243;][\/vc_column][\/vc_row][vc_row][vc_column][vc_empty_space hide_on_desktop=&#8220;&#8220; hide_on_notebook=&#8220;&#8220; hide_on_tablet=&#8220;&#8220; hide_on_mobile=&#8220;&#8220;][\/vc_column][\/vc_row]<\/p>\n","protected":false},"excerpt":{"rendered":"<p>[vc_row full_width=&#8220;stretch_row&#8220; css=&#8220;.vc_custom_1499264732518{background-color: #f4f7f7 !important;}&#8220;][vc_column fix_column=&#8220;&#8220; hide_bg_image_on_tablet=&#8220;&#8220; hide_bg_image_on_mobile=&#8220;&#8220; css=&#8220;.vc_custom_1531767687079{padding-top: 50px !important;}&#8220;][vc_empty_space alter_height=&#8220;medium&#8220; hide_on_desktop=&#8220;&#8220; hide_on_notebook=&#8220;&#8220; hide_on_tablet=&#8220;&#8220; hide_on_mobile=&#8220;&#8220; css=&#8220;.vc_custom_1531766908654{padding-top: 50px !important;}&#8220;][vc_empty_space alter_height=&#8220;medium&#8220; hide_on_desktop=&#8220;&#8220; hide_on_notebook=&#8220;&#8220; hide_on_tablet=&#8220;&#8220; hide_on_mobile=&#8220;&#8220; css=&#8220;.vc_custom_1505130112288{margin-top: 0.8rem !important;}&#8220;][\/vc_column][\/vc_row][vc_row][vc_column][vc_empty_space hide_on_desktop=&#8220;&#8220; hide_on_notebook=&#8220;&#8220; hide_on_tablet=&#8220;&#8220; hide_on_mobile=&#8220;&#8220;][\/vc_column][\/vc_row][vc_row][vc_column width=&#8220;1\/6&#8243;][\/vc_column][vc_column width=&#8220;2\/3&#8243;][vc_column_text][\/vc_column_text][\/vc_column][vc_column width=&#8220;1\/6&#8243;][\/vc_column][\/vc_row][vc_row][vc_column][vc_empty_space hide_on_desktop=&#8220;&#8220; hide_on_notebook=&#8220;&#8220; hide_on_tablet=&#8220;&#8220; hide_on_mobile=&#8220;&#8220;][\/vc_column][\/vc_row]<\/p>\n","protected":false},"author":1,"featured_media":0,"parent":0,"menu_order":0,"comment_status":"closed","ping_status":"closed","template":"","meta":{"footnotes":""},"class_list":["post-53","page","type-page","status-publish","hentry"],"_links":{"self":[{"href":"https:\/\/www.hotsmile.de\/index.php?rest_route=\/wp\/v2\/pages\/53","targetHints":{"allow":["GET"]}}],"collection":[{"href":"https:\/\/www.hotsmile.de\/index.php?rest_route=\/wp\/v2\/pages"}],"about":[{"href":"https:\/\/www.hotsmile.de\/index.php?rest_route=\/wp\/v2\/types\/page"}],"author":[{"embeddable":true,"href":"https:\/\/www.hotsmile.de\/index.php?rest_route=\/wp\/v2\/users\/1"}],"replies":[{"embeddable":true,"href":"https:\/\/www.hotsmile.de\/index.php?rest_route=%2Fwp%2Fv2%2Fcomments&post=53"}],"version-history":[{"count":26,"href":"https:\/\/www.hotsmile.de\/index.php?rest_route=\/wp\/v2\/pages\/53\/revisions"}],"predecessor-version":[{"id":1184,"href":"https:\/\/www.hotsmile.de\/index.php?rest_route=\/wp\/v2\/pages\/53\/revisions\/1184"}],"wp:attachment":[{"href":"https:\/\/www.hotsmile.de\/index.php?rest_route=%2Fwp%2Fv2%2Fmedia&parent=53"}],"curies":[{"name":"wp","href":"https:\/\/api.w.org\/{rel}","templated":true}]}}