{"id":51,"date":"2017-07-04T08:17:15","date_gmt":"2017-07-04T08:17:15","guid":{"rendered":"https:\/\/www.hotsmile.de\/?page_id=51"},"modified":"2018-08-11T23:19:06","modified_gmt":"2018-08-11T23:19:06","slug":"video-tutorials","status":"publish","type":"page","link":"https:\/\/www.hotsmile.de\/?page_id=51","title":{"rendered":"Parodontologie"},"content":{"rendered":"<p>[vc_row][vc_column css=&#8220;.vc_custom_1531586918063{padding-bottom: 30px !important;}&#8220;]<div id=\"sc_title_1831912574\"\n\t\tclass=\"sc_title color_style_default sc_title_default  vc_custom_1534029541704\"><h3 class=\"sc_item_title sc_title_title sc_align_center sc_item_title_style_default\">Parodontologie<\/h3><\/div><!-- \/.sc_title -->[vc_empty_space height=&#8220;12pt&#8220; hide_on_desktop=&#8220;&#8220; hide_on_notebook=&#8220;&#8220; hide_on_tablet=&#8220;&#8220; hide_on_mobile=&#8220;&#8220;][vc_row_inner][vc_column_inner width=&#8220;1\/2&#8243;][vc_column_text]Das <span style=\"color: #ea5858;\">Parodontium<\/span> beschreibt den Zahnhalteapparat, also das Fundament indem die Z\u00e4hne verankert sind. Die h\u00e4ufigste Form einer Erkrankung des Zahnhalteapparates ist die Parodontitis, eine Entz\u00fcndung f\u00fcr die <span style=\"color: #ea5858;\">Plaque<\/span> (Bakterienrasen) die Hauptursache ist. F\u00fcr den Patienten erkennbar ist ein geschwollenes, zur Blutung neigendes Zahnfleisch.<\/p>\n<p>Bleiben diese Symptome unbehandelt, zerst\u00f6rt die Entz\u00fcndung in ihrem weiteren Verlauf das kn\u00f6cherne Zahnfach und die Zahnwurzel verliert ihren Halt.<\/p>\n<p>Die Folgen der <span style=\"color: #ea5858;\">Parodontitis<\/span> sind jedoch nicht nur lokal auf die Mundh\u00f6hle begrenzt. Inzwischen haben viele Studien nachgewiesen, dass die <span style=\"color: #ea5858;\">Parodontitis<\/span> auch systemisch zu Herzerkrankungen, Gef\u00e4\u00dfverkalkungen, Hirninfarkten und Fr\u00fchgeburten beitragen kann.[\/vc_column_text][\/vc_column_inner][vc_column_inner width=&#8220;1\/2&#8243;][vc_single_image image=&#8220;862&#8243; img_size=&#8220;full&#8220; alignment=&#8220;right&#8220; css_animation=&#8220;bounceInRight&#8220;][\/vc_column_inner][\/vc_row_inner][\/vc_column][\/vc_row]<\/p>\n","protected":false},"excerpt":{"rendered":"<p>[vc_row][vc_column css=&#8220;.vc_custom_1531586918063{padding-bottom: 30px !important;}&#8220;][vc_empty_space height=&#8220;12pt&#8220; hide_on_desktop=&#8220;&#8220; hide_on_notebook=&#8220;&#8220; hide_on_tablet=&#8220;&#8220; hide_on_mobile=&#8220;&#8220;][vc_row_inner][vc_column_inner width=&#8220;1\/2&#8243;][vc_column_text]Das Parodontium beschreibt den Zahnhalteapparat, also das Fundament indem die Z\u00e4hne verankert sind. Die h\u00e4ufigste Form einer Erkrankung des Zahnhalteapparates ist die Parodontitis, eine Entz\u00fcndung f\u00fcr die Plaque (Bakterienrasen) die Hauptursache ist. F\u00fcr den Patienten erkennbar ist ein geschwollenes, zur Blutung neigendes Zahnfleisch. Bleiben diese Symptome unbehandelt, zerst\u00f6rt die Entz\u00fcndung in&hellip;<\/p>\n","protected":false},"author":1,"featured_media":0,"parent":0,"menu_order":0,"comment_status":"closed","ping_status":"closed","template":"","meta":{"footnotes":""},"class_list":["post-51","page","type-page","status-publish","hentry"],"_links":{"self":[{"href":"https:\/\/www.hotsmile.de\/index.php?rest_route=\/wp\/v2\/pages\/51","targetHints":{"allow":["GET"]}}],"collection":[{"href":"https:\/\/www.hotsmile.de\/index.php?rest_route=\/wp\/v2\/pages"}],"about":[{"href":"https:\/\/www.hotsmile.de\/index.php?rest_route=\/wp\/v2\/types\/page"}],"author":[{"embeddable":true,"href":"https:\/\/www.hotsmile.de\/index.php?rest_route=\/wp\/v2\/users\/1"}],"replies":[{"embeddable":true,"href":"https:\/\/www.hotsmile.de\/index.php?rest_route=%2Fwp%2Fv2%2Fcomments&post=51"}],"version-history":[{"count":19,"href":"https:\/\/www.hotsmile.de\/index.php?rest_route=\/wp\/v2\/pages\/51\/revisions"}],"predecessor-version":[{"id":1170,"href":"https:\/\/www.hotsmile.de\/index.php?rest_route=\/wp\/v2\/pages\/51\/revisions\/1170"}],"wp:attachment":[{"href":"https:\/\/www.hotsmile.de\/index.php?rest_route=%2Fwp%2Fv2%2Fmedia&parent=51"}],"curies":[{"name":"wp","href":"https:\/\/api.w.org\/{rel}","templated":true}]}}