{"id":48,"date":"2017-07-04T08:16:46","date_gmt":"2017-07-04T08:16:46","guid":{"rendered":"https:\/\/www.hotsmile.de\/?page_id=48"},"modified":"2018-07-18T10:26:35","modified_gmt":"2018-07-18T10:26:35","slug":"shortcodes","status":"publish","type":"page","link":"https:\/\/www.hotsmile.de\/?page_id=48","title":{"rendered":"Kinderzahnheilkunde"},"content":{"rendered":"<p>[vc_row][vc_column css=&#8220;.vc_custom_1531662207666{padding-top: 50px !important;padding-bottom: 30px !important;}&#8220;]<div id=\"sc_title_180857820\"\n\t\tclass=\"sc_title color_style_default sc_title_default\"><h3 class=\"sc_item_title sc_title_title sc_align_center sc_item_title_style_default sc_item_title_tag\">Kinderzahnheilkunde<\/h3><\/div><!-- \/.sc_title -->[vc_empty_space alter_height=&#8220;medium&#8220; hide_on_desktop=&#8220;&#8220; hide_on_notebook=&#8220;&#8220; hide_on_tablet=&#8220;&#8220; hide_on_mobile=&#8220;&#8220;][vc_row_inner][vc_column_inner width=&#8220;1\/2&#8243;][vc_column_text]Die Pr\u00e4vention ist die wichtigste Grundlage der <span style=\"color: #ea5858;\">Kinderzahnheilkunde<\/span>, die wir in unserer Praxis sehr gut und gerne \u00fcbernehmen. Ein m\u00f6glichst fr\u00fches, nat\u00fcrlich kindgerechtes Verst\u00e4ndnis zur Mundhygiene erkl\u00e4ren wir den Kleinen \u201espielend\u201c, um so ein positives Gef\u00fchl zur Zahnpflege und zu Zahnarztbesuchen zu verankern.<\/p>\n<p>Die wichtigsten Bausteine sind die Prophylaxe, Fluoridierung, Fissurenversiegelung, Zahnputztechnik und auch die Ern\u00e4hrungsberatung.<\/p>\n<p>Ab dem zweiten Lebensjahr sollten die Zahnarzt-Termine einmal j\u00e4hrlich, ab dem dritten Lebensjahr zweimal j\u00e4hrlich erfolgen.[\/vc_column_text][\/vc_column_inner][vc_column_inner width=&#8220;1\/2&#8243;][vc_single_image image=&#8220;1096&#8243; img_size=&#8220;full&#8220; css_animation=&#8220;bounceInRight&#8220;][\/vc_column_inner][\/vc_row_inner][\/vc_column][\/vc_row]<\/p>\n","protected":false},"excerpt":{"rendered":"<p>[vc_row][vc_column css=&#8220;.vc_custom_1531662207666{padding-top: 50px !important;padding-bottom: 30px !important;}&#8220;][vc_empty_space alter_height=&#8220;medium&#8220; hide_on_desktop=&#8220;&#8220; hide_on_notebook=&#8220;&#8220; hide_on_tablet=&#8220;&#8220; hide_on_mobile=&#8220;&#8220;][vc_row_inner][vc_column_inner width=&#8220;1\/2&#8243;][vc_column_text]Die Pr\u00e4vention ist die wichtigste Grundlage der Kinderzahnheilkunde, die wir in unserer Praxis sehr gut und gerne \u00fcbernehmen. Ein m\u00f6glichst fr\u00fches, nat\u00fcrlich kindgerechtes Verst\u00e4ndnis zur Mundhygiene erkl\u00e4ren wir den Kleinen \u201espielend\u201c, um so ein positives Gef\u00fchl zur Zahnpflege und zu Zahnarztbesuchen zu verankern. Die wichtigsten Bausteine sind die Prophylaxe,&hellip;<\/p>\n","protected":false},"author":1,"featured_media":0,"parent":0,"menu_order":0,"comment_status":"closed","ping_status":"closed","template":"","meta":{"footnotes":""},"class_list":["post-48","page","type-page","status-publish","hentry"],"_links":{"self":[{"href":"https:\/\/www.hotsmile.de\/index.php?rest_route=\/wp\/v2\/pages\/48","targetHints":{"allow":["GET"]}}],"collection":[{"href":"https:\/\/www.hotsmile.de\/index.php?rest_route=\/wp\/v2\/pages"}],"about":[{"href":"https:\/\/www.hotsmile.de\/index.php?rest_route=\/wp\/v2\/types\/page"}],"author":[{"embeddable":true,"href":"https:\/\/www.hotsmile.de\/index.php?rest_route=\/wp\/v2\/users\/1"}],"replies":[{"embeddable":true,"href":"https:\/\/www.hotsmile.de\/index.php?rest_route=%2Fwp%2Fv2%2Fcomments&post=48"}],"version-history":[{"count":6,"href":"https:\/\/www.hotsmile.de\/index.php?rest_route=\/wp\/v2\/pages\/48\/revisions"}],"predecessor-version":[{"id":1106,"href":"https:\/\/www.hotsmile.de\/index.php?rest_route=\/wp\/v2\/pages\/48\/revisions\/1106"}],"wp:attachment":[{"href":"https:\/\/www.hotsmile.de\/index.php?rest_route=%2Fwp%2Fv2%2Fmedia&parent=48"}],"curies":[{"name":"wp","href":"https:\/\/api.w.org\/{rel}","templated":true}]}}