{"id":35,"date":"2017-07-04T08:12:00","date_gmt":"2017-07-04T08:12:00","guid":{"rendered":"https:\/\/www.hotsmile.de\/?page_id=35"},"modified":"2018-07-18T15:51:28","modified_gmt":"2018-07-18T15:51:28","slug":"about-2","status":"publish","type":"page","link":"https:\/\/www.hotsmile.de\/?page_id=35","title":{"rendered":"Angstpatienten"},"content":{"rendered":"<p>[vc_row][vc_column css=&#8220;.vc_custom_1531682036080{padding-top: 50px !important;padding-bottom: 35px !important;}&#8220;]<div id=\"sc_title_1629660621\"\n\t\tclass=\"sc_title color_style_default sc_title_default\"><h3 class=\"sc_item_title sc_title_title sc_align_center sc_item_title_style_default\">Angstpatienten<\/h3><\/div><!-- \/.sc_title -->[vc_empty_space hide_on_desktop=&#8220;&#8220; hide_on_notebook=&#8220;&#8220; hide_on_tablet=&#8220;&#8220; hide_on_mobile=&#8220;&#8220; css=&#8220;.vc_custom_1531682029160{padding-bottom: 35px !important;}&#8220;][vc_row_inner][vc_column_inner width=&#8220;1\/2&#8243;][vc_column_text]Mit viel Zeit, jahrelanger Erfahrung und gro\u00dfer Empathie k\u00f6nnen wir <span style=\"color: #ea5858;\">Angstpatienten<\/span> in unserer Praxis eine sanfte, schmerzfreie Behandlung bieten. H\u00f6chste Anspr\u00fcche und professionelle Umsetzung bedeuten f\u00fcr Sie einen reibungslosen Ablauf.<\/p>\n<p>Sie k\u00f6nnen sich bei uns sicher f\u00fchlen \u2013 wir passen gut auf Sie auf.[\/vc_column_text][\/vc_column_inner][vc_column_inner width=&#8220;1\/2&#8243;][vc_single_image image=&#8220;1144&#8243; img_size=&#8220;full&#8220; alignment=&#8220;right&#8220; css_animation=&#8220;bounceInRight&#8220;][\/vc_column_inner][\/vc_row_inner][\/vc_column][\/vc_row]<\/p>\n","protected":false},"excerpt":{"rendered":"<p>[vc_row][vc_column css=&#8220;.vc_custom_1531682036080{padding-top: 50px !important;padding-bottom: 35px !important;}&#8220;][vc_empty_space hide_on_desktop=&#8220;&#8220; hide_on_notebook=&#8220;&#8220; hide_on_tablet=&#8220;&#8220; hide_on_mobile=&#8220;&#8220; css=&#8220;.vc_custom_1531682029160{padding-bottom: 35px !important;}&#8220;][vc_row_inner][vc_column_inner width=&#8220;1\/2&#8243;][vc_column_text]Mit viel Zeit, jahrelanger Erfahrung und gro\u00dfer Empathie k\u00f6nnen wir Angstpatienten in unserer Praxis eine sanfte, schmerzfreie Behandlung bieten. H\u00f6chste Anspr\u00fcche und professionelle Umsetzung bedeuten f\u00fcr Sie einen reibungslosen Ablauf. Sie k\u00f6nnen sich bei uns sicher f\u00fchlen \u2013 wir passen gut auf Sie auf.[\/vc_column_text][\/vc_column_inner][vc_column_inner width=&#8220;1\/2&#8243;][vc_single_image image=&#8220;1144&#8243; img_size=&#8220;full&#8220;&hellip;<\/p>\n","protected":false},"author":1,"featured_media":0,"parent":0,"menu_order":0,"comment_status":"closed","ping_status":"closed","template":"","meta":{"footnotes":""},"class_list":["post-35","page","type-page","status-publish","hentry"],"_links":{"self":[{"href":"https:\/\/www.hotsmile.de\/index.php?rest_route=\/wp\/v2\/pages\/35","targetHints":{"allow":["GET"]}}],"collection":[{"href":"https:\/\/www.hotsmile.de\/index.php?rest_route=\/wp\/v2\/pages"}],"about":[{"href":"https:\/\/www.hotsmile.de\/index.php?rest_route=\/wp\/v2\/types\/page"}],"author":[{"embeddable":true,"href":"https:\/\/www.hotsmile.de\/index.php?rest_route=\/wp\/v2\/users\/1"}],"replies":[{"embeddable":true,"href":"https:\/\/www.hotsmile.de\/index.php?rest_route=%2Fwp%2Fv2%2Fcomments&post=35"}],"version-history":[{"count":7,"href":"https:\/\/www.hotsmile.de\/index.php?rest_route=\/wp\/v2\/pages\/35\/revisions"}],"predecessor-version":[{"id":1150,"href":"https:\/\/www.hotsmile.de\/index.php?rest_route=\/wp\/v2\/pages\/35\/revisions\/1150"}],"wp:attachment":[{"href":"https:\/\/www.hotsmile.de\/index.php?rest_route=%2Fwp%2Fv2%2Fmedia&parent=35"}],"curies":[{"name":"wp","href":"https:\/\/api.w.org\/{rel}","templated":true}]}}