{"id":2,"date":"2017-05-27T14:15:35","date_gmt":"2017-05-27T14:15:35","guid":{"rendered":"https:\/\/www.hotsmile.de\/?page_id=2"},"modified":"2018-04-08T15:26:59","modified_gmt":"2018-04-08T15:26:59","slug":"home-1","status":"publish","type":"page","link":"https:\/\/www.hotsmile.de\/","title":{"rendered":"Home 1"},"content":{"rendered":"<p>[vc_row full_width=&#8220;stretch_row_content_no_spaces&#8220; hide_bg_image_on_tablet=&#8220;&#8220; hide_bg_image_on_mobile=&#8220;&#8220;][vc_column][rev_slider_vc alias=&#8220;home-1&#8243;][\/vc_column][\/vc_row][vc_row][vc_column]<div class=\"sc_layouts sc_layouts_default sc_layouts_598\">[vc_row full_width=\"stretch_row\" css=\".vc_custom_1499423579902{background-color: #f4f7f7 !important;}\"][vc_column width=\"1\/2\" icons_position=\"left\"][vc_empty_space alter_height=\"medium\" hide_on_desktop=\"\" hide_on_notebook=\"\" hide_on_tablet=\"\" hide_on_mobile=\"\" css=\".vc_custom_1505295328418{margin-top: -0.4rem !important;}\"][vc_empty_space alter_height=\"huge\" hide_on_desktop=\"\" hide_on_notebook=\"\" hide_on_tablet=\"\" hide_on_mobile=\"\"][vc_empty_space hide_on_desktop=\"\" hide_on_notebook=\"\" hide_on_tablet=\"\" hide_on_mobile=\"\" css=\".vc_custom_1505295369870{margin-top: 0.2rem !important;}\"]<div id=\"sc_title_417154907\"\n\t\tclass=\"sc_title color_style_default sc_title_default\"><h3 class=\"sc_item_title sc_title_title sc_align_left sc_item_title_style_default\">Herzlich Willkommen<\/h3><div class=\"sc_item_descr sc_title_descr sc_align_left\"><p>Damit Sie Ihr Leben mit intakten Z\u00e4hnen genie\u00dfen k\u00f6nnen, bieten wir Ihnen mit modernster Zahnheilkunde viele verschiedene M\u00f6glichkeiten, Ihr nat\u00fcrlich sch\u00f6nes L\u00e4cheln zu pflegen, erhalten und wiederherzustellen. <\/p>\n<p>Denn gesunde, sch\u00f6ne Z\u00e4hne und kr\u00e4ftiges Zahnfleisch geh\u00f6ren zu einem rundum guten Wohlbefinden!<\/p>\n<p>In unseren angenehm hellen und ruhigen R\u00e4umen k\u00fcmmert sich unser professionelles und freundliches Team um alle Ihre zahnmedizinisch notwendigen oder empfehlenswerten und zahn\u00e4sthetisch gew\u00fcnschten Belange mit viel Erfahrung und Zeit und modernsten Behandlungsmethoden.<\/p>\n<p>Wir freuen uns auf Sie!<\/p>\n<\/div><\/div><!-- \/.sc_title -->[vc_empty_space alter_height=\"small\" hide_on_desktop=\"\" hide_on_notebook=\"\" hide_on_tablet=\"\" hide_on_mobile=\"\" css=\".vc_custom_1505295415543{margin-top: -0.65rem !important;}\"][vc_empty_space alter_height=\"huge\" hide_on_desktop=\"\" hide_on_notebook=\"\" hide_on_tablet=\"\" hide_on_mobile=\"\"][\/vc_column][vc_column width=\"1\/2\" icons_position=\"left\"]<div id=\"sc_content_872152208\"\n\t\tclass=\"sc_content color_style_default sc_content_default sc_float_center sc_shift_y_large_negative\"><div class=\"sc_content_container\">\n<div class=\"wpcf7 no-js\" id=\"wpcf7-f5-o1\" lang=\"en-US\" dir=\"ltr\" data-wpcf7-id=\"5\">\n<div class=\"screen-reader-response\"><p role=\"status\" aria-live=\"polite\" aria-atomic=\"true\"><\/p> <ul><\/ul><\/div>\n<form action=\"\/index.php?rest_route=%2Fwp%2Fv2%2Fpages%2F2#wpcf7-f5-o1\" method=\"post\" class=\"wpcf7-form init\" aria-label=\"Contact form\" novalidate=\"novalidate\" data-status=\"init\">\n<fieldset class=\"hidden-fields-container\"><input type=\"hidden\" name=\"_wpcf7\" value=\"5\" \/><input type=\"hidden\" name=\"_wpcf7_version\" value=\"6.1.5\" \/><input type=\"hidden\" name=\"_wpcf7_locale\" value=\"en_US\" \/><input type=\"hidden\" name=\"_wpcf7_unit_tag\" value=\"wpcf7-f5-o1\" \/><input type=\"hidden\" name=\"_wpcf7_container_post\" value=\"0\" \/><input type=\"hidden\" name=\"_wpcf7_posted_data_hash\" value=\"\" \/>\n<\/fieldset>\n<div class=\"cpcf7_title\">\n\t<p>Vereinbaren Sie heute noch einen Termin!\n\t<\/p>\n<\/div>\n<div class=\"trx_addons_columns_wrap columns_padding_bottom\">\n\t<div class=\"trx_addons_column-1_2\">\n\t\t<p><span class=\"wpcf7-form-control-wrap\" data-name=\"Anrede\"><select class=\"wpcf7-form-control wpcf7-select wpcf7-validates-as-required\" aria-required=\"true\" aria-invalid=\"false\" name=\"Anrede\"><option value=\"Frau\">Frau<\/option><option value=\"Herr\">Herr<\/option><\/select><\/span>\n\t\t<\/p>\n\t<\/div>\n\t<div class=\"trx_addons_column-1_2\">\n\t\t<p><span class=\"wpcf7-form-control-wrap\" data-name=\"text-268\"><input size=\"40\" maxlength=\"400\" class=\"wpcf7-form-control wpcf7-text wpcf7-validates-as-required\" aria-required=\"true\" aria-invalid=\"false\" placeholder=\"vollst. Name\" value=\"\" type=\"text\" name=\"text-268\" \/><\/span>\n\t\t<\/p>\n\t<\/div>\n\t<div class=\"trx_addons_column-1_2\">\n\t\t<p><span class=\"wpcf7-form-control-wrap\" data-name=\"email-678\"><input size=\"40\" maxlength=\"400\" class=\"wpcf7-form-control wpcf7-email wpcf7-validates-as-required wpcf7-text wpcf7-validates-as-email\" aria-required=\"true\" aria-invalid=\"false\" placeholder=\"E-Mail Adresse\" value=\"\" type=\"email\" name=\"email-678\" \/><\/span>\n\t\t<\/p>\n\t<\/div>\n\t<div class=\"trx_addons_column-1_2\">\n\t\t<p><span class=\"wpcf7-form-control-wrap\" data-name=\"text-438\"><input size=\"40\" maxlength=\"400\" class=\"wpcf7-form-control wpcf7-text\" aria-invalid=\"false\" placeholder=\"Telefon\" value=\"\" type=\"text\" name=\"text-438\" \/><\/span>\n\t\t<\/p>\n\t<\/div>\n\t<div class=\"trx_addons_column-1_2 icon-icon11\">\n\t\t<p><span class=\"wpcf7-form-control-wrap date-259\"><input size=\"40\" class=\"wpcf7-form-control wpcf7-date wpcf7-validates-as-required\" type=\"text\" aria-required=\"true\" placeholder=\"Datum\" value=\"\" name=\"date-259\" \/> <\/span>\n\t\t<\/p>\n\t<\/div>\n\t<div class=\"trx_addons_column-1_2 icon-clock_small\">\n\t\t<p><span class=\"wpcf7-form-control-wrap time-704\"><input size=\"40\" class=\"wpcf7-form-control wpcf7-time wpcf7-validates-as-required wpcf7-date\" type=\"text\" aria-required=\"true\" placeholder=\"Uhrzeit\" value=\"\" name=\"time-704\" \/> <\/span>\n\t\t<\/p>\n\t<\/div>\n\t<p><span class=\"wpcf7-form-control-wrap\" data-name=\"acceptance-510\"><span class=\"wpcf7-form-control wpcf7-acceptance\"><span class=\"wpcf7-list-item\"><label><input type=\"checkbox\" name=\"acceptance-510\" value=\"1\" aria-invalid=\"false\" \/><span class=\"wpcf7-list-item-label\">Mit einem Klick auf \"absenden\" erkl\u00e4re ich mich ausdr\u00fccklich damit einverstanden, dass meine Daten gem\u00e4\u00df den vorliegenden Datenschutzbestimmungen verarbeitet werden d\u00fcrfen.<\/span><\/label><\/span><\/span><\/span>\n\t<\/p>\n\t<div class=\"trx_addons_column-1_1 submit_container\">\n\t\t<p><input class=\"wpcf7-form-control wpcf7-submit has-spinner\" type=\"submit\" value=\"absenden\" \/>\n\t\t<\/p>\n\t<\/div>\n<\/div><div class=\"wpcf7-response-output\" aria-hidden=\"true\"><\/div>\n<\/form>\n<\/div>\n<\/div><\/div><!-- \/.sc_content -->[\/vc_column][vc_column icons_position=\"left\" offset=\"vc_hidden-lg vc_hidden-md vc_hidden-sm\"][vc_empty_space alter_height=\"huge\" hide_on_desktop=\"\" hide_on_notebook=\"\" hide_on_tablet=\"\" hide_on_mobile=\"\"][\/vc_column][\/vc_row]<\/div>[\/vc_column][\/vc_row][vc_row][vc_column]<div class=\"sc_layouts sc_layouts_default sc_layouts_694\">[vc_row full_width=\"stretch_row\" scheme=\"dark\" hide_bg_image_on_tablet=\"\" hide_bg_image_on_mobile=\"\" css=\".vc_custom_1522593948250{background-color: #bcbcbc !important;background-size: cover !important;}\"][vc_column icons_position=\"left\"][vc_empty_space alter_height=\"large\" hide_on_desktop=\"\" hide_on_notebook=\"\" hide_on_tablet=\"\" hide_on_mobile=\"\" css=\".vc_custom_1505225272755{margin-top: 0.2rem !important;}\"]<div  id=\"sc_action_1938961463\" \n\tclass=\"sc_action color_style_default sc_action_simple  vc_custom_1522594224890\"><div class=\"sc_action_content sc_item_content\"><div class=\"sc_action_item sc_action_item_simple with_image with_bg_color sc_action_item_mc\" style=\"background-color:#999999;\">\n\t\t\t\t\t\t\t<div class=\"sc_action_item_mask\"><\/div>\n\t\t\t\t<div class=\"sc_action_item_inner\">\n\t\t\t\t<h3 class=\"sc_action_item_title\"><span>Vereinbaren Sie noch heute einen Termin! <\/span><\/h3><div class=\"sc_action_item_icon sc_action_item_icon_type_ icon-phone_big1\"\n\t\t\t\t\t\t\t\t\t\t\t\t><span class=\"sc_action_item_icon_type_ icon-phone_big1\"\n\t\t\t\t\t\t\t\t\t\t\t\t\t\t\t\t\t><\/span><\/div><h6 class=\"sc_action_item_subtitle\"><span>0211 - 49 4000<\/span><\/h6><div class=\"action_subtitle_separator\"><\/div><a href=\"#\" class=\"sc_action_item_link sc_button\">Rufen Sie uns jetzt an<\/a><\/div><!-- \/.sc_action_item_inner --><\/div><\/div><\/div><!-- \/.sc_action -->[vc_empty_space alter_height=\"large\" hide_on_desktop=\"\" hide_on_notebook=\"\" hide_on_tablet=\"\" hide_on_mobile=\"\" css=\".vc_custom_1505226493543{margin-top: 0.6rem !important;}\"][\/vc_column][\/vc_row]<\/div>[\/vc_column][\/vc_row][vc_row][vc_column]<div class=\"sc_layouts sc_layouts_default sc_layouts_692\">[vc_row full_width=\"stretch_row\" css=\".vc_custom_1499264732518{background-color: #f4f7f7 !important;}\"][vc_column icons_position=\"left\"][vc_empty_space hide_on_desktop=\"\" hide_on_notebook=\"\" hide_on_tablet=\"\" hide_on_mobile=\"\" css=\".vc_custom_1505370675901{margin-top: 0.4rem !important;}\"][vc_empty_space alter_height=\"huge\" hide_on_desktop=\"\" hide_on_notebook=\"\" hide_on_tablet=\"\" hide_on_mobile=\"\"]<div id=\"sc_title_861856223\"\n\t\tclass=\"sc_title color_style_default sc_title_default\"><h3 class=\"sc_item_title sc_title_title sc_align_center sc_item_title_style_default\">Wir sind f\u00fcr Sie da!<\/h3><h6 class=\"sc_item_subtitle sc_title_subtitle sc_align_center sc_item_title_style_default\">Kontaktieren Sie uns<\/h6><\/div><!-- \/.sc_title -->[vc_empty_space alter_height=\"medium\" hide_on_desktop=\"\" hide_on_notebook=\"\" hide_on_tablet=\"\" hide_on_mobile=\"\" css=\".vc_custom_1505370701819{margin-top: 0.8rem !important;}\"]<div id=\"sc_icons_700397902\" \n\tclass=\"sc_icons sc_icons_default sc_icons_size_small sc_align_center\"><div class=\"sc_icons_columns_wrap sc_item_columns trx_addons_columns_wrap columns_padding_bottom\"><div class=\"trx_addons_column-1_4\"><div class=\"sc_icons_item\"><div id=\"sc_icons_700397902_icon-icon7\" class=\"sc_icons_icon sc_icon_type_ icon-icon7\"\n\t\t\t\t\t\t\t\t\t\t\t\t><span class=\"sc_icon_type_ icon-icon7\"><\/span><\/div><div class=\"sc_icons_item_description\"><span>Gemeinschaftspraxis HOTSMILE<\/span><span>Fischerstr. 45<\/span><span>40477 D\u00fcsseldorf<\/span><\/div><\/div><\/div><div class=\"trx_addons_column-1_4\"><div class=\"sc_icons_item\"><div id=\"sc_icons_700397902_icon-icon8\" class=\"sc_icons_icon sc_icon_type_ icon-icon8\"\n\t\t\t\t\t\t\t\t\t\t\t\t><span class=\"sc_icon_type_ icon-icon8\"><\/span><\/div><div class=\"sc_icons_item_description\"><span>Tel: +49 (0)211 49 4000<\/span><span>Fax: +49 (0)211 49 4021<\/span><\/div><\/div><\/div><div class=\"trx_addons_column-1_4\"><div class=\"sc_icons_item sc_icons_item_linked\"><div id=\"sc_icons_700397902_icon-icon9\" class=\"sc_icons_icon sc_icon_type_ icon-icon9\"\n\t\t\t\t\t\t\t\t\t\t\t\t><span class=\"sc_icon_type_ icon-icon9\"><\/span><\/div><div class=\"sc_icons_item_description\"><span>anfrage@hotsmile.de<\/span><\/div><a href=\"mailto:anfrage@hotsmile.de\" class=\"sc_icons_item_link\"><\/a><\/div><\/div><div class=\"trx_addons_column-1_4\"><div class=\"sc_icons_item\"><div id=\"sc_icons_700397902_icon-icon10\" class=\"sc_icons_icon sc_icon_type_ icon-icon10\"\n\t\t\t\t\t\t\t\t\t\t\t\t><span class=\"sc_icon_type_ icon-icon10\"><\/span><\/div><div class=\"sc_icons_item_description\"><span>Montag, Dienstag, Donnerstag<\/span><span>8:30 - 12 Uhr und  15 - 18 Uhr<\/span><span>...<\/span><span>Mittwoch, Freitag<\/span><span>8:30 - 12 Uhr<\/span><span>...<\/span><span>und nach Vereinbarung.<\/span><\/div><\/div><\/div><\/div><\/div><!-- \/.sc_icons -->[vc_empty_space alter_height=\"large\" hide_on_desktop=\"\" hide_on_notebook=\"\" hide_on_tablet=\"\" hide_on_mobile=\"\" css=\".vc_custom_1505370759969{margin-top: -1.2rem !important;}\"][\/vc_column][\/vc_row]<\/div>[\/vc_column][\/vc_row]<\/p>\n","protected":false},"excerpt":{"rendered":"<p>[vc_row full_width=&#8220;stretch_row_content_no_spaces&#8220; hide_bg_image_on_tablet=&#8220;&#8220; hide_bg_image_on_mobile=&#8220;&#8220;][vc_column][rev_slider_vc alias=&#8220;home-1&#8243;][\/vc_column][\/vc_row][vc_row][vc_column][\/vc_column][\/vc_row][vc_row][vc_column][\/vc_column][\/vc_row][vc_row][vc_column][\/vc_column][\/vc_row]<\/p>\n","protected":false},"author":1,"featured_media":0,"parent":0,"menu_order":0,"comment_status":"closed","ping_status":"open","template":"","meta":{"footnotes":""},"class_list":["post-2","page","type-page","status-publish","hentry"],"_links":{"self":[{"href":"https:\/\/www.hotsmile.de\/index.php?rest_route=\/wp\/v2\/pages\/2","targetHints":{"allow":["GET"]}}],"collection":[{"href":"https:\/\/www.hotsmile.de\/index.php?rest_route=\/wp\/v2\/pages"}],"about":[{"href":"https:\/\/www.hotsmile.de\/index.php?rest_route=\/wp\/v2\/types\/page"}],"author":[{"embeddable":true,"href":"https:\/\/www.hotsmile.de\/index.php?rest_route=\/wp\/v2\/users\/1"}],"replies":[{"embeddable":true,"href":"https:\/\/www.hotsmile.de\/index.php?rest_route=%2Fwp%2Fv2%2Fcomments&post=2"}],"version-history":[{"count":4,"href":"https:\/\/www.hotsmile.de\/index.php?rest_route=\/wp\/v2\/pages\/2\/revisions"}],"predecessor-version":[{"id":820,"href":"https:\/\/www.hotsmile.de\/index.php?rest_route=\/wp\/v2\/pages\/2\/revisions\/820"}],"wp:attachment":[{"href":"https:\/\/www.hotsmile.de\/index.php?rest_route=%2Fwp%2Fv2%2Fmedia&parent=2"}],"curies":[{"name":"wp","href":"https:\/\/api.w.org\/{rel}","templated":true}]}}