{"id":1077,"date":"2018-07-17T23:29:29","date_gmt":"2018-07-17T23:29:29","guid":{"rendered":"https:\/\/www.hotsmile.de\/?page_id=1077"},"modified":"2018-07-18T10:16:25","modified_gmt":"2018-07-18T10:16:25","slug":"wurzelkanalbehandlungen","status":"publish","type":"page","link":"https:\/\/www.hotsmile.de\/?page_id=1077","title":{"rendered":"Wurzelkanalbehandlungen"},"content":{"rendered":"<p>[vc_row][vc_column css=&#8220;.vc_custom_1531870184817{padding-top: 50px !important;padding-bottom: 35px !important;}&#8220;]<div id=\"sc_title_410472545\"\n\t\tclass=\"sc_title color_style_default sc_title_default\"><h3 class=\"sc_item_title sc_title_title sc_align_center sc_item_title_style_default\">Wurzelkanalbehandlungen<\/h3><\/div><!-- \/.sc_title -->[vc_empty_space hide_on_desktop=&#8220;&#8220; hide_on_notebook=&#8220;&#8220; hide_on_tablet=&#8220;&#8220; hide_on_mobile=&#8220;&#8220; css=&#8220;.vc_custom_1531870190735{padding-bottom: 35px !important;}&#8220;][vc_row_inner][vc_column_inner width=&#8220;1\/2&#8243;][vc_column_text]Endodontische Behandlungen werden bei akuten oder chronischen Entz\u00fcndungen des Zahnmarkes (Nerven, Bindegewebe, Blut,- und Lymphgef\u00e4\u00dfe) erforderlich.<\/p>\n<p>Eine fachgerechte <span style=\"color: #ea5858;\">Wurzelkanalbehandlung <\/span>ist sehr aufwendig.<\/p>\n<p>Vor, w\u00e4hrend und nach der Behandlung werden zur Dokumentation und Kontrolle des Verlaufs R\u00f6ntgenaufnahmen angefertigt. Es gilt die Wurzelkan\u00e4le zu reinigen und zu desinfizieren, um eine Bakterienfreiheit zu erzielen. Anschlie\u00dfend werden die <span style=\"color: #ea5858;\">Wurzelkan\u00e4le<\/span> gef\u00fcllt.<\/p>\n<p>So soll der Zahn funktionsf\u00e4hig erhalten werden.[\/vc_column_text][\/vc_column_inner][vc_column_inner width=&#8220;1\/2&#8243;][vc_single_image image=&#8220;1067&#8243; img_size=&#8220;full&#8220; alignment=&#8220;right&#8220; css_animation=&#8220;fadeIn&#8220;][\/vc_column_inner][\/vc_row_inner][\/vc_column][\/vc_row]<\/p>\n","protected":false},"excerpt":{"rendered":"<p>[vc_row][vc_column css=&#8220;.vc_custom_1531870184817{padding-top: 50px !important;padding-bottom: 35px !important;}&#8220;][vc_empty_space hide_on_desktop=&#8220;&#8220; hide_on_notebook=&#8220;&#8220; hide_on_tablet=&#8220;&#8220; hide_on_mobile=&#8220;&#8220; css=&#8220;.vc_custom_1531870190735{padding-bottom: 35px !important;}&#8220;][vc_row_inner][vc_column_inner width=&#8220;1\/2&#8243;][vc_column_text]Endodontische Behandlungen werden bei akuten oder chronischen Entz\u00fcndungen des Zahnmarkes (Nerven, Bindegewebe, Blut,- und Lymphgef\u00e4\u00dfe) erforderlich. Eine fachgerechte Wurzelkanalbehandlung ist sehr aufwendig. Vor, w\u00e4hrend und nach der Behandlung werden zur Dokumentation und Kontrolle des Verlaufs R\u00f6ntgenaufnahmen angefertigt. Es gilt die Wurzelkan\u00e4le zu reinigen und zu desinfizieren, um&hellip;<\/p>\n","protected":false},"author":1,"featured_media":0,"parent":0,"menu_order":0,"comment_status":"closed","ping_status":"closed","template":"","meta":{"footnotes":""},"class_list":["post-1077","page","type-page","status-publish","hentry"],"_links":{"self":[{"href":"https:\/\/www.hotsmile.de\/index.php?rest_route=\/wp\/v2\/pages\/1077","targetHints":{"allow":["GET"]}}],"collection":[{"href":"https:\/\/www.hotsmile.de\/index.php?rest_route=\/wp\/v2\/pages"}],"about":[{"href":"https:\/\/www.hotsmile.de\/index.php?rest_route=\/wp\/v2\/types\/page"}],"author":[{"embeddable":true,"href":"https:\/\/www.hotsmile.de\/index.php?rest_route=\/wp\/v2\/users\/1"}],"replies":[{"embeddable":true,"href":"https:\/\/www.hotsmile.de\/index.php?rest_route=%2Fwp%2Fv2%2Fcomments&post=1077"}],"version-history":[{"count":5,"href":"https:\/\/www.hotsmile.de\/index.php?rest_route=\/wp\/v2\/pages\/1077\/revisions"}],"predecessor-version":[{"id":1122,"href":"https:\/\/www.hotsmile.de\/index.php?rest_route=\/wp\/v2\/pages\/1077\/revisions\/1122"}],"wp:attachment":[{"href":"https:\/\/www.hotsmile.de\/index.php?rest_route=%2Fwp%2Fv2%2Fmedia&parent=1077"}],"curies":[{"name":"wp","href":"https:\/\/api.w.org\/{rel}","templated":true}]}}