{"id":1073,"date":"2018-07-17T23:26:44","date_gmt":"2018-07-17T23:26:44","guid":{"rendered":"https:\/\/www.hotsmile.de\/?page_id=1073"},"modified":"2018-07-18T15:52:10","modified_gmt":"2018-07-18T15:52:10","slug":"veneers","status":"publish","type":"page","link":"https:\/\/www.hotsmile.de\/?page_id=1073","title":{"rendered":"Veneers"},"content":{"rendered":"<p>[vc_row][vc_column css=&#8220;.vc_custom_1531870017833{padding-top: 50px !important;padding-bottom: 35px !important;}&#8220;]<div id=\"sc_title_237955689\"\n\t\tclass=\"sc_title color_style_default sc_title_default\"><h3 class=\"sc_item_title sc_title_title sc_align_center sc_item_title_style_default\">Veneers<\/h3><\/div><!-- \/.sc_title -->[vc_empty_space hide_on_desktop=&#8220;&#8220; hide_on_notebook=&#8220;&#8220; hide_on_tablet=&#8220;&#8220; hide_on_mobile=&#8220;&#8220; css=&#8220;.vc_custom_1531870027042{padding-bottom: 35px !important;}&#8220;][vc_row_inner][vc_column_inner width=&#8220;1\/2&#8243;][vc_column_text]<span style=\"color: #ea5858;\">Veneers<\/span> sind hauchd\u00fcnne Keramikverblendschalen, die beispielsweise im Frontzahnbereich ein \u00e4sthetisch ansprechendes, gleichm\u00e4\u00dfiges Gesamtbild erm\u00f6glichen.<\/p>\n<p>Unregelm\u00e4\u00dfige Z\u00e4hne, L\u00fccken wie auch Verf\u00e4rbungen lassen sich so korrigieren, ein nat\u00fcrlicher Eindruck bleibt bestehen.<\/p>\n<p>G\u00f6nnen Sie sich dieses bestechend sch\u00f6ne L\u00e4cheln![\/vc_column_text][\/vc_column_inner][vc_column_inner width=&#8220;1\/2&#8243;][vc_single_image image=&#8220;1145&#8243; img_size=&#8220;full&#8220; alignment=&#8220;right&#8220; css_animation=&#8220;fadeIn&#8220;][\/vc_column_inner][\/vc_row_inner][\/vc_column][\/vc_row]<\/p>\n","protected":false},"excerpt":{"rendered":"<p>[vc_row][vc_column css=&#8220;.vc_custom_1531870017833{padding-top: 50px !important;padding-bottom: 35px !important;}&#8220;][vc_empty_space hide_on_desktop=&#8220;&#8220; hide_on_notebook=&#8220;&#8220; hide_on_tablet=&#8220;&#8220; hide_on_mobile=&#8220;&#8220; css=&#8220;.vc_custom_1531870027042{padding-bottom: 35px !important;}&#8220;][vc_row_inner][vc_column_inner width=&#8220;1\/2&#8243;][vc_column_text]Veneers sind hauchd\u00fcnne Keramikverblendschalen, die beispielsweise im Frontzahnbereich ein \u00e4sthetisch ansprechendes, gleichm\u00e4\u00dfiges Gesamtbild erm\u00f6glichen. Unregelm\u00e4\u00dfige Z\u00e4hne, L\u00fccken wie auch Verf\u00e4rbungen lassen sich so korrigieren, ein nat\u00fcrlicher Eindruck bleibt bestehen. G\u00f6nnen Sie sich dieses bestechend sch\u00f6ne L\u00e4cheln![\/vc_column_text][\/vc_column_inner][vc_column_inner width=&#8220;1\/2&#8243;][vc_single_image image=&#8220;1145&#8243; img_size=&#8220;full&#8220; alignment=&#8220;right&#8220; css_animation=&#8220;fadeIn&#8220;][\/vc_column_inner][\/vc_row_inner][\/vc_column][\/vc_row]<\/p>\n","protected":false},"author":1,"featured_media":0,"parent":0,"menu_order":0,"comment_status":"closed","ping_status":"closed","template":"","meta":{"footnotes":""},"class_list":["post-1073","page","type-page","status-publish","hentry"],"_links":{"self":[{"href":"https:\/\/www.hotsmile.de\/index.php?rest_route=\/wp\/v2\/pages\/1073","targetHints":{"allow":["GET"]}}],"collection":[{"href":"https:\/\/www.hotsmile.de\/index.php?rest_route=\/wp\/v2\/pages"}],"about":[{"href":"https:\/\/www.hotsmile.de\/index.php?rest_route=\/wp\/v2\/types\/page"}],"author":[{"embeddable":true,"href":"https:\/\/www.hotsmile.de\/index.php?rest_route=\/wp\/v2\/users\/1"}],"replies":[{"embeddable":true,"href":"https:\/\/www.hotsmile.de\/index.php?rest_route=%2Fwp%2Fv2%2Fcomments&post=1073"}],"version-history":[{"count":8,"href":"https:\/\/www.hotsmile.de\/index.php?rest_route=\/wp\/v2\/pages\/1073\/revisions"}],"predecessor-version":[{"id":1151,"href":"https:\/\/www.hotsmile.de\/index.php?rest_route=\/wp\/v2\/pages\/1073\/revisions\/1151"}],"wp:attachment":[{"href":"https:\/\/www.hotsmile.de\/index.php?rest_route=%2Fwp%2Fv2%2Fmedia&parent=1073"}],"curies":[{"name":"wp","href":"https:\/\/api.w.org\/{rel}","templated":true}]}}