{"id":1063,"date":"2018-07-17T23:09:38","date_gmt":"2018-07-17T23:09:38","guid":{"rendered":"https:\/\/www.hotsmile.de\/?page_id=1063"},"modified":"2018-07-18T10:18:01","modified_gmt":"2018-07-18T10:18:01","slug":"prophylaxe","status":"publish","type":"page","link":"https:\/\/www.hotsmile.de\/?page_id=1063","title":{"rendered":"Prophylaxe"},"content":{"rendered":"<p>[vc_row][vc_column css=&#8220;.vc_custom_1531869204043{padding-top: 50px !important;padding-bottom: 35px !important;}&#8220;]<div id=\"sc_title_2145490565\"\n\t\tclass=\"sc_title color_style_default sc_title_default\"><h3 class=\"sc_item_title sc_title_title sc_align_center sc_item_title_style_default\">Prophylaxe<\/h3><\/div><!-- \/.sc_title -->[vc_empty_space hide_on_desktop=&#8220;&#8220; hide_on_notebook=&#8220;&#8220; hide_on_tablet=&#8220;&#8220; hide_on_mobile=&#8220;&#8220; css=&#8220;.vc_custom_1531869211068{padding-bottom: 35px !important;}&#8220;][vc_row_inner][vc_column_inner width=&#8220;1\/2&#8243;][vc_column_text]Die regelm\u00e4\u00dfige zahnmedizinische Pr\u00e4vention (<span style=\"color: #ea5858;\">Prophylaxe<\/span>) nimmt einen hohen Stellenwert in unserer Praxis ein. Sie ist essentiell, um die h\u00e4ufigsten Zahnerkrankungen wie Karies und Parodontitis zu vermeiden.<\/p>\n<p>Ziel dieser regelm\u00e4\u00dfigen Kontrollen und f\u00fcr jeden Patienten individuell abgestimmten Vorsorgema\u00dfnahmen ist der m\u00f6glichst langfristige Erhalt Ihrer nat\u00fcrlichen Zahnsubstanz.<\/p>\n<p>Von der Stabilit\u00e4t im Gebiss, sowie von gesunden und sch\u00f6nen Z\u00e4hnen profitiert langfristig Ihr gesamter Organismus.[\/vc_column_text][\/vc_column_inner][vc_column_inner width=&#8220;1\/2&#8243;][vc_single_image image=&#8220;1071&#8243; img_size=&#8220;full&#8220; alignment=&#8220;right&#8220; css_animation=&#8220;fadeIn&#8220;][\/vc_column_inner][\/vc_row_inner][\/vc_column][\/vc_row]<\/p>\n","protected":false},"excerpt":{"rendered":"<p>[vc_row][vc_column css=&#8220;.vc_custom_1531869204043{padding-top: 50px !important;padding-bottom: 35px !important;}&#8220;][vc_empty_space hide_on_desktop=&#8220;&#8220; hide_on_notebook=&#8220;&#8220; hide_on_tablet=&#8220;&#8220; hide_on_mobile=&#8220;&#8220; css=&#8220;.vc_custom_1531869211068{padding-bottom: 35px !important;}&#8220;][vc_row_inner][vc_column_inner width=&#8220;1\/2&#8243;][vc_column_text]Die regelm\u00e4\u00dfige zahnmedizinische Pr\u00e4vention (Prophylaxe) nimmt einen hohen Stellenwert in unserer Praxis ein. Sie ist essentiell, um die h\u00e4ufigsten Zahnerkrankungen wie Karies und Parodontitis zu vermeiden. Ziel dieser regelm\u00e4\u00dfigen Kontrollen und f\u00fcr jeden Patienten individuell abgestimmten Vorsorgema\u00dfnahmen ist der m\u00f6glichst langfristige Erhalt Ihrer nat\u00fcrlichen Zahnsubstanz. Von der&hellip;<\/p>\n","protected":false},"author":1,"featured_media":0,"parent":0,"menu_order":0,"comment_status":"closed","ping_status":"closed","template":"","meta":{"footnotes":""},"class_list":["post-1063","page","type-page","status-publish","hentry"],"_links":{"self":[{"href":"https:\/\/www.hotsmile.de\/index.php?rest_route=\/wp\/v2\/pages\/1063","targetHints":{"allow":["GET"]}}],"collection":[{"href":"https:\/\/www.hotsmile.de\/index.php?rest_route=\/wp\/v2\/pages"}],"about":[{"href":"https:\/\/www.hotsmile.de\/index.php?rest_route=\/wp\/v2\/types\/page"}],"author":[{"embeddable":true,"href":"https:\/\/www.hotsmile.de\/index.php?rest_route=\/wp\/v2\/users\/1"}],"replies":[{"embeddable":true,"href":"https:\/\/www.hotsmile.de\/index.php?rest_route=%2Fwp%2Fv2%2Fcomments&post=1063"}],"version-history":[{"count":5,"href":"https:\/\/www.hotsmile.de\/index.php?rest_route=\/wp\/v2\/pages\/1063\/revisions"}],"predecessor-version":[{"id":1123,"href":"https:\/\/www.hotsmile.de\/index.php?rest_route=\/wp\/v2\/pages\/1063\/revisions\/1123"}],"wp:attachment":[{"href":"https:\/\/www.hotsmile.de\/index.php?rest_route=%2Fwp%2Fv2%2Fmedia&parent=1063"}],"curies":[{"name":"wp","href":"https:\/\/api.w.org\/{rel}","templated":true}]}}