{"id":1048,"date":"2018-07-16T22:54:48","date_gmt":"2018-07-16T22:54:48","guid":{"rendered":"https:\/\/www.hotsmile.de\/?page_id=1048"},"modified":"2025-01-16T19:30:11","modified_gmt":"2025-01-16T19:30:11","slug":"impressum","status":"publish","type":"page","link":"https:\/\/www.hotsmile.de\/?page_id=1048","title":{"rendered":"Impressum"},"content":{"rendered":"<p>[vc_row][vc_column css=&#8220;.vc_custom_1531781932377{padding-top: 50px !important;padding-bottom: 35px !important;}&#8220;]<div id=\"sc_title_44984845\"\n\t\tclass=\"sc_title color_style_default sc_title_default\"><h3 class=\"sc_item_title sc_title_title sc_align_left sc_item_title_style_default\">Impressum<\/h3><\/div><!-- \/.sc_title -->[vc_empty_space hide_on_desktop=&#8220;&#8220; hide_on_notebook=&#8220;&#8220; hide_on_tablet=&#8220;&#8220; hide_on_mobile=&#8220;&#8220; css=&#8220;.vc_custom_1531781714825{padding-bottom: 35px !important;}&#8220;][vc_column_text]<b>Betreiber<\/b><\/p>\n<p>GEMEINSCHAFTSPRAXIS<br \/>\nDrs. (NL) Rudolf Lessing<br \/>\nDr. med. dent. Manuela Spahl<\/p>\n<p>Fischerstra\u00dfe 45<br \/>\n40477 D\u00fcsseldorf<br \/>\nTel: +49 (0)211 \/ 49 4000<br \/>\nFax: +49 (0)211 \/ 49 4021<\/p>\n<p>E-Mail: praxis (at) hotsmile.de<\/p>\n<p>Sitz in D\u00fcsseldorf<br \/>\nAmtsgericht D\u00fcsseldorf<\/p>\n<p><strong>Zust\u00e4ndige Kammer:<\/strong><\/p>\n<p>Zahn\u00e4rztekammer Nordrhein<br \/>\nEmanuel-Leutze-Stra\u00dfe 8 \u2022 40547 D\u00fcsseldorf<br \/>\n<a href=\"http:\/\/www.zaek-nr.de\" target=\"_blank\" rel=\"noopener noreferrer\">www.zaek-nr.de<\/a><\/p>\n<p><strong>Kassenzahn\u00e4rtzliche Vereinigung<\/strong><\/p>\n<p>Kassenzahn\u00e4rztliche Vereinigung Nordrhein<br \/>\nLindemannstra\u00dfe 34-42 \u2022 40237 D\u00fcsseldorf<br \/>\n<a href=\"http:\/\/www.kzvnr.de\" target=\"_blank\" rel=\"noopener noreferrer\">www.kzvnr.de<\/a><\/p>\n<p><strong>Approbationsbeh\u00f6rde<\/strong><\/p>\n<p>Bezirksregierung M\u00fcnster<br \/>\nDezernat 24 \/ Approbation<br \/>\nDomplatz 1\u20134<br \/>\n48143 M\u00fcnster<br \/>\n<a href=\"https:\/\/brms.nrw.de\">https:\/\/brms.nrw.de<\/a><\/p>\n<p><strong>Gesetzliche Berufsbezeichnung:<\/strong> Zahnarzt<br \/>\n<strong>Verleihender Staat:<\/strong> Bundesrepublik Deutschland<\/p>\n<p><b>Urheberrecht<\/b><\/p>\n<div align=\"justify\">Copyright \u00a9 2025 GEMEINSCHAFTSPRAXIS LESSING &amp; SPAHL. Alle Rechte sind vorbehalten. Die Inhalte der Website www.hotsmile.de sind urheberrechtlich gesch\u00fctzt. Eine Vervielf\u00e4ltigung (z. B. Fotokopie, Mikrofilm oder andere Verfahren), Verbreitung oder Verarbeitung durch elektronische Systeme ohne schriftliche Genehmigung der GEMEINSCHAFTSPRAXIS LESSING &amp; SPAHL ist in jeglicher Form untersagt. Ausnahme w\u00e4re lediglich ein ausdr\u00fccklicher, gegenteiliger Vermerk. Die verwendeten Bilder unterstehen rechtlich den jeweiligen Urhebern (fotolia.de | Die Sonne scheint durch gro\u00dfe majest\u00e4tische Eiche \u00a9 Smileus &#8211; product-id: 118081227, Touching the lavender \u00a9 Grigor &#8211; product-id: 165064571, Dental Veneers: Porcelain Veneer installation Procedure \u00a9 Alexandr Mitiuc, product-id: 171204992, dentist equipment, endo container \u00a9 Nikola Spasenoski product-ID:8244032, Happy business group demonstrating partnership \u00a9 Yuri Arcurs product-ID:9589291, Tooth Section 04 \u00a9 Russi &amp; Morelli product-ID:10565837, Happy people \u00a9 Kurhan product-ID:12425254, zahnlos \u00a9 st-fotograf product-ID:16270547, Gebiss 25 \u00a9 K.-U. H\u00e4\u00dfler product-ID:18052656, Gebiss 29 \u00a9 K.-U. H\u00e4\u00dfler product-ID:18577226, Zahngold: altmodische Br\u00fccke \u00a9 Michael Tieck product-ID:18784321, Zahnersatz &#8211; Goldkrone \u00a9 O.K. product-ID:20083194, Zahnersatz -Teilkronen \u00a9 O.K. product-ID:20083216, Capped Dental Implant Model \u00a9 Fotofrank product-ID:20185389, Zahn &#8211; Taste \u00a9 Dark Vectorangel product-ID:20340705, Rotes Gummib\u00e4rchen auf Zahnbuerste \u00a9 pixelstore product-ID:23396123, Gummib\u00e4rchen schaut in Zahnarzt-Spiegel \u00a9 pixelstore product-ID:23409621, teeth whitening \u00a9 Kurhan product-ID:23842166, Just a girl \u00a9 PerlenVorDieAugen product-ID:24342937, weiche Aufbissschiene\/Knirschschiene unten \u00a9 bbroianigo product-ID:25638449, Zahnb\u00fcrsten 3 \u00a9 unikat product-ID:26687188, Zahnpflege! \u00a9 bARTiko product-ID:26811754, Zahnimplantat 3 \u00a9 psdesign1 product-ID:27104509) &#8211; shutterstock.de | Gold Inlay on model Fitted (3 pictures) \u00a9 RCB Shooter (product-ID: 25133569), teeth protection 3d concept \u00a9 koya979 (product-ID: 71554234), Photo of teeth and dental exam \u00a9 botazsolti (product-ID: 53659513), toothache 3d concept \u00a9 koya979 (product-ID: 70401265).<\/div>\n<p><b>Haftungsausschluss<\/b><\/p>\n<div align=\"justify\">\n<p>Diese Website befindet sich auf dem tempor\u00e4ren Stand eines kontinuierlichen Arbeitsprozesses. Die GEMEINSCHAFTSPRAXIS LESSING &amp; SPAHL \u00fcbernimmt trotz gr\u00f6\u00dftm\u00f6glicher Sorgfalt bei der Zusammenstellung aller auf der Site enthaltenen Informationen keine Gew\u00e4hr f\u00fcr deren Aktualit\u00e4t, Richtigkeit oder Vollst\u00e4ndigkeit. Dies gilt ebenso f\u00fcr s\u00e4mtliche Links und indirekte Verweise auf andere Webseiten, f\u00fcr deren Inhalte die GEMEINSCHAFTSPRAXIS LESSING &amp; SPAHL nicht verantwortlich ist. Die GEMEINSCHAFTSPRAXIS LESSING &amp; SPAHL kann nicht f\u00fcr etwaige Sch\u00e4den bzw. Folgesch\u00e4den jeglicher Art haftbar gemacht werden, die durch die direkte oder indirekte Nutzung der auf der Webseite enthaltenen Informationen entstehen, einschlie\u00dflich entgangenen Gewinns oder Sch\u00e4den, die aus einen Datenverlust zur\u00fcckzuf\u00fchren sind.<\/p>\n<p>Wir behalten uns \u00c4nderungen in den dargestellten Informationen ohne vorherige Ank\u00fcndigung vor. Alle Angebote sind freibleibend und unverbindlich.<\/p>\n<\/div>\n<p><b>Marken- und Warenzeichen<\/b><\/p>\n<div align=\"justify\">Alle auf dieser Website genannten bzw. gezeigten Marken- und Warenzeichen unterliegen uneingeschr\u00e4nkt den Bestimmungen des jeweils g\u00fcltigen Kennzeichnungsrechtes und gegebenenfalls den Besitzrechten der jeweiligen eingetragenen Eigent\u00fcmer.<\/div>\n<p>[\/vc_column_text][\/vc_column][\/vc_row]<\/p>\n","protected":false},"excerpt":{"rendered":"<p>[vc_row][vc_column css=&#8220;.vc_custom_1531781932377{padding-top: 50px !important;padding-bottom: 35px !important;}&#8220;][vc_empty_space hide_on_desktop=&#8220;&#8220; hide_on_notebook=&#8220;&#8220; hide_on_tablet=&#8220;&#8220; hide_on_mobile=&#8220;&#8220; css=&#8220;.vc_custom_1531781714825{padding-bottom: 35px !important;}&#8220;][vc_column_text]Betreiber GEMEINSCHAFTSPRAXIS Drs. (NL) Rudolf Lessing Dr. med. dent. Manuela Spahl Fischerstra\u00dfe 45 40477 D\u00fcsseldorf Tel: +49 (0)211 \/ 49 4000 Fax: +49 (0)211 \/ 49 4021 E-Mail: praxis (at) hotsmile.de Sitz in D\u00fcsseldorf Amtsgericht D\u00fcsseldorf Zust\u00e4ndige Kammer: Zahn\u00e4rztekammer Nordrhein Emanuel-Leutze-Stra\u00dfe 8 \u2022 40547 D\u00fcsseldorf www.zaek-nr.de Kassenzahn\u00e4rtzliche Vereinigung&hellip;<\/p>\n","protected":false},"author":1,"featured_media":0,"parent":0,"menu_order":0,"comment_status":"closed","ping_status":"closed","template":"","meta":{"footnotes":""},"class_list":["post-1048","page","type-page","status-publish","hentry"],"_links":{"self":[{"href":"https:\/\/www.hotsmile.de\/index.php?rest_route=\/wp\/v2\/pages\/1048","targetHints":{"allow":["GET"]}}],"collection":[{"href":"https:\/\/www.hotsmile.de\/index.php?rest_route=\/wp\/v2\/pages"}],"about":[{"href":"https:\/\/www.hotsmile.de\/index.php?rest_route=\/wp\/v2\/types\/page"}],"author":[{"embeddable":true,"href":"https:\/\/www.hotsmile.de\/index.php?rest_route=\/wp\/v2\/users\/1"}],"replies":[{"embeddable":true,"href":"https:\/\/www.hotsmile.de\/index.php?rest_route=%2Fwp%2Fv2%2Fcomments&post=1048"}],"version-history":[{"count":9,"href":"https:\/\/www.hotsmile.de\/index.php?rest_route=\/wp\/v2\/pages\/1048\/revisions"}],"predecessor-version":[{"id":1187,"href":"https:\/\/www.hotsmile.de\/index.php?rest_route=\/wp\/v2\/pages\/1048\/revisions\/1187"}],"wp:attachment":[{"href":"https:\/\/www.hotsmile.de\/index.php?rest_route=%2Fwp%2Fv2%2Fmedia&parent=1048"}],"curies":[{"name":"wp","href":"https:\/\/api.w.org\/{rel}","templated":true}]}}